{"id":1087626,"date":"2024-05-22T12:25:36","date_gmt":"2024-05-22T10:25:36","guid":{"rendered":"https:\/\/miraestels.com\/artista\/"},"modified":"2024-06-18T08:41:57","modified_gmt":"2024-06-18T06:41:57","slug":"artista","status":"publish","type":"page","link":"https:\/\/miraestels.com\/ca\/artista\/","title":{"rendered":"Artista"},"content":{"rendered":"<p>[et_pb_section fb_built=&#8221;1&#8243; fullwidth=&#8221;on&#8221; _builder_version=&#8221;4.25.1&#8243; _module_preset=&#8221;default&#8221; background_image=&#8221;https:\/\/miraestels.com\/wp-content\/uploads\/Robert-Llimos-Artista.jpg&#8221; parallax=&#8221;on&#8221; custom_margin=&#8221;||||false|false&#8221; custom_padding=&#8221;||22vw||false|false&#8221; animation_style=&#8221;slide&#8221; animation_direction=&#8221;top&#8221; global_colors_info=&#8221;{}&#8221;][et_pb_fullwidth_header title=&#8221;Artista&#8221; _builder_version=&#8221;4.25.1&#8243; _module_preset=&#8221;default&#8221; title_font_size=&#8221;75px&#8221; content_font_size=&#8221;19px&#8221; background_enable_color=&#8221;off&#8221; custom_margin=&#8221;||||false|false&#8221; custom_padding=&#8221;||||false|false&#8221; animation_style=&#8221;fade&#8221; title_text_shadow_style=&#8221;preset1&#8243; title_text_shadow_horizontal_length=&#8221;0.06em&#8221; title_text_shadow_vertical_length=&#8221;0.04em&#8221; title_text_shadow_blur_strength=&#8221;0.05em&#8221; title_text_shadow_color=&#8221;#000000&#8243; global_colors_info=&#8221;{}&#8221;]<\/p>\n<p>Robert Llim\u00f3s \u00e9s un pintor i escultor barcelon\u00ed<br \/>apreciat entre els experts, els exquisits<br \/>i la gent del carrer\u2026<\/p>\n<p>[\/et_pb_fullwidth_header][\/et_pb_section][et_pb_section fb_built=&#8221;1&#8243; _builder_version=&#8221;4.25.1&#8243; _module_preset=&#8221;default&#8221; custom_padding=&#8221;0px||0px|||&#8221; global_colors_info=&#8221;{}&#8221;][et_pb_row column_structure=&#8221;1_2,1_2&#8243; use_custom_gutter=&#8221;on&#8221; gutter_width=&#8221;1&#8243; make_equal=&#8221;on&#8221; _builder_version=&#8221;4.25.1&#8243; _module_preset=&#8221;default&#8221; width=&#8221;100%&#8221; max_width=&#8221;100%&#8221; custom_padding=&#8221;0px||0px|||&#8221; global_colors_info=&#8221;{}&#8221;][et_pb_column type=&#8221;1_2&#8243; _builder_version=&#8221;4.25.1&#8243; _module_preset=&#8221;default&#8221; animation_style=&#8221;slide&#8221; animation_direction=&#8221;left&#8221; custom_css_main_element=&#8221;margin:auto;&#8221; global_colors_info=&#8221;{}&#8221;][et_pb_text _builder_version=&#8221;4.25.1&#8243; _module_preset=&#8221;default&#8221; text_line_height=&#8221;1.9em&#8221; custom_margin=&#8221;|100px||100px|false|true&#8221; custom_margin_tablet=&#8221;|100px||100px|false|true&#8221; custom_margin_phone=&#8221;20px|60px||60px|false|true&#8221; custom_margin_last_edited=&#8221;on|phone&#8221; global_colors_info=&#8221;{}&#8221;]<span style=\"color: #ae9962;\"><strong>Robert Llim\u00f3s<\/strong><\/span> \u00e9s fill predilecte de l\u2019acad\u00e8mia, i ha passat per totes les avantguardes abans de tornar a l\u2019origen: pintar i modelar all\u00f2 que veu abans que all\u00f2 que sent. \u00abLucidesa afilada\u00bb foren els mots de Santos Torroella per descriure el seu treball. Aix\u00ed \u00e9s com ho anota i ho recorda Manolo V\u00e1zquez Montalb\u00e1n en un gran text sobre l\u2019artista.<\/p>\n<p>La dilatada carrera de Llim\u00f3s, que comen\u00e7a amb les sortides per pintar amb el seu pare durant la infantesa, enfronta la cerca apassionada i incessant del zeitgeist, l\u2019esperit del temps, i l\u2019honestedat d\u2019un ofici antic, compr\u00e8s per lleis escrites i no escrites, apr\u00e8s i defensat a consci\u00e8ncia. El treball de Llim\u00f3s t\u00e9 sempre un encant primitiu, una seguretat composta per certeses, i una poesia tan commovedora com valenta.[\/et_pb_text][et_pb_image src=&#8221;https:\/\/miraestels.com\/wp-content\/uploads\/Miraestels-Logo-Estrella.png&#8221; alt=&#8221;Miraestels (logo Estrella)&#8221; title_text=&#8221;Miraestels (logo Estrella)&#8221; align=&#8221;center&#8221; _builder_version=&#8221;4.25.1&#8243; _module_preset=&#8221;default&#8221; width=&#8221;9%&#8221; width_tablet=&#8221;9%&#8221; width_phone=&#8221;12%&#8221; width_last_edited=&#8221;on|phone&#8221; custom_padding=&#8221;26px||||false|false&#8221; custom_padding_tablet=&#8221;26px||||false|false&#8221; custom_padding_phone=&#8221;26px||20px||false|false&#8221; custom_padding_last_edited=&#8221;on|phone&#8221; global_colors_info=&#8221;{}&#8221;][\/et_pb_image][\/et_pb_column][et_pb_column type=&#8221;1_2&#8243; _builder_version=&#8221;4.25.1&#8243; _module_preset=&#8221;default&#8221; animation_style=&#8221;slide&#8221; animation_direction=&#8221;right&#8221; global_colors_info=&#8221;{}&#8221;][et_pb_image src=&#8221;https:\/\/miraestels.com\/wp-content\/uploads\/Robert-Llimos-Artista-01.jpg&#8221; alt=&#8221;Robert Llimos Artista&#8221; title_text=&#8221;Robert Llimos Artista&#8221; align=&#8221;center&#8221; force_fullwidth=&#8221;on&#8221; _builder_version=&#8221;4.25.1&#8243; _module_preset=&#8221;default&#8221; global_colors_info=&#8221;{}&#8221;][\/et_pb_image][\/et_pb_column][\/et_pb_row][\/et_pb_section][et_pb_section fb_built=&#8221;1&#8243; _builder_version=&#8221;4.25.1&#8243; _module_preset=&#8221;default&#8221; custom_padding=&#8221;0px||0px|||&#8221; global_colors_info=&#8221;{}&#8221;][et_pb_row column_structure=&#8221;1_2,1_2&#8243; use_custom_gutter=&#8221;on&#8221; gutter_width=&#8221;1&#8243; make_equal=&#8221;on&#8221; _builder_version=&#8221;4.25.1&#8243; _module_preset=&#8221;default&#8221; width=&#8221;100%&#8221; max_width=&#8221;100%&#8221; custom_padding=&#8221;0px||0px|||&#8221; global_colors_info=&#8221;{}&#8221;][et_pb_column type=&#8221;1_2&#8243; _builder_version=&#8221;4.25.1&#8243; _module_preset=&#8221;default&#8221; animation_style=&#8221;slide&#8221; animation_direction=&#8221;left&#8221; global_colors_info=&#8221;{}&#8221;][et_pb_image src=&#8221;https:\/\/miraestels.com\/wp-content\/uploads\/Robert-Llimos-Artista-02.jpg&#8221; alt=&#8221;Robert Llim\u00f3s &#8211; Artista&#8221; title_text=&#8221;Robert Llim\u00f3s &#8211; Artista&#8221; align=&#8221;center&#8221; force_fullwidth=&#8221;on&#8221; _builder_version=&#8221;4.25.1&#8243; _module_preset=&#8221;default&#8221; global_colors_info=&#8221;{}&#8221;][\/et_pb_image][\/et_pb_column][et_pb_column type=&#8221;1_2&#8243; _builder_version=&#8221;4.25.1&#8243; _module_preset=&#8221;default&#8221; animation_style=&#8221;slide&#8221; animation_direction=&#8221;right&#8221; custom_css_main_element=&#8221;margin:auto;&#8221; global_colors_info=&#8221;{}&#8221;][et_pb_text _builder_version=&#8221;4.25.1&#8243; _module_preset=&#8221;default&#8221; text_line_height=&#8221;1.9em&#8221; header_3_text_align=&#8221;center&#8221; header_3_font_size=&#8221;25px&#8221; header_3_line_height=&#8221;1.7em&#8221; custom_margin=&#8221;|30px||30px|false|true&#8221; global_colors_info=&#8221;{}&#8221;]<\/p>\n<h2>L\u2019artista, amb el seu bagatge, s\u2019esmer\u00e7a a buscar el <em>Zeitgeist<\/em>, l\u2019esperit del temps.<\/h2>\n<p>[\/et_pb_text][\/et_pb_column][\/et_pb_row][\/et_pb_section][et_pb_section fb_built=&#8221;1&#8243; _builder_version=&#8221;4.25.1&#8243; _module_preset=&#8221;default&#8221; custom_padding=&#8221;0px||0px|||&#8221; global_colors_info=&#8221;{}&#8221;][et_pb_row column_structure=&#8221;1_2,1_2&#8243; use_custom_gutter=&#8221;on&#8221; gutter_width=&#8221;1&#8243; make_equal=&#8221;on&#8221; _builder_version=&#8221;4.25.1&#8243; _module_preset=&#8221;default&#8221; width=&#8221;100%&#8221; max_width=&#8221;100%&#8221; custom_padding=&#8221;0px||0px|||&#8221; global_colors_info=&#8221;{}&#8221;][et_pb_column type=&#8221;1_2&#8243; _builder_version=&#8221;4.25.1&#8243; _module_preset=&#8221;default&#8221; animation_style=&#8221;slide&#8221; animation_direction=&#8221;left&#8221; custom_css_main_element=&#8221;margin:auto;&#8221; global_colors_info=&#8221;{}&#8221;][et_pb_text _builder_version=&#8221;4.25.1&#8243; _module_preset=&#8221;default&#8221; text_line_height=&#8221;1.9em&#8221; custom_margin=&#8221;|100px||100px|false|true&#8221; custom_margin_tablet=&#8221;|100px||100px|false|true&#8221; custom_margin_phone=&#8221;|60px||60px|false|true&#8221; custom_margin_last_edited=&#8221;on|phone&#8221; global_colors_info=&#8221;{}&#8221;]Llim\u00f3s no conceb\u00e9 el <span style=\"color: #ae9962;\"><strong>MIRAESTELS<\/strong><\/span> \u00fanicament com a homenatge a un altre gran artista, sin\u00f3 tamb\u00e9 com un reclam gentil i poder\u00f3s perqu\u00e8 tinguem presents aspectes m\u00e9s rellevants que, avui m\u00e9s que mai, mereixen l\u2019atenci\u00f3 del nostre m\u00f3n[\/et_pb_text][et_pb_image src=&#8221;https:\/\/miraestels.com\/wp-content\/uploads\/Silueta-gris-206&#215;300-1.png&#8221; alt=&#8221;Silueta Gris&#8221; title_text=&#8221;Silueta Gris&#8221; align=&#8221;center&#8221; _builder_version=&#8221;4.25.1&#8243; _module_preset=&#8221;default&#8221; custom_padding=&#8221;26px||||false|false&#8221; custom_padding_tablet=&#8221;26px||||false|false&#8221; custom_padding_phone=&#8221;26px||20px||false|false&#8221; custom_padding_last_edited=&#8221;on|phone&#8221; global_colors_info=&#8221;{}&#8221;][\/et_pb_image][\/et_pb_column][et_pb_column type=&#8221;1_2&#8243; _builder_version=&#8221;4.25.1&#8243; _module_preset=&#8221;default&#8221; animation_style=&#8221;slide&#8221; animation_direction=&#8221;right&#8221; global_colors_info=&#8221;{}&#8221;][et_pb_image src=&#8221;https:\/\/miraestels.com\/wp-content\/uploads\/Robert-Llimos-Artista-03.jpg&#8221; alt=&#8221;Robert Llim\u00f3s &#8211; Artista&#8221; title_text=&#8221;Robert Llim\u00f3s &#8211; Artista&#8221; align=&#8221;center&#8221; force_fullwidth=&#8221;on&#8221; _builder_version=&#8221;4.25.1&#8243; _module_preset=&#8221;default&#8221; global_colors_info=&#8221;{}&#8221;][\/et_pb_image][\/et_pb_column][\/et_pb_row][\/et_pb_section]<\/p>\n","protected":false},"excerpt":{"rendered":"<p>Robert Llim\u00f3s \u00e9s un pintor i escultor barcelon\u00edapreciat entre els experts, els exquisitsi la gent del carrer\u2026Robert Llim\u00f3s \u00e9s fill predilecte de l\u2019acad\u00e8mia, i ha passat per totes les avantguardes abans de tornar a l\u2019origen: pintar i modelar all\u00f2 que veu abans que all\u00f2 que sent. \u00abLucidesa afilada\u00bb foren els mots de Santos Torroella per [&hellip;]<\/p>\n","protected":false},"author":2,"featured_media":1086338,"parent":0,"menu_order":0,"comment_status":"closed","ping_status":"closed","template":"","meta":{"_seopress_robots_primary_cat":"","_seopress_titles_title":"%%post_title%% %%sep%% %%sitetitle%%","_seopress_titles_desc":"Robert Llim\u00f3s, artista de l'Acad\u00e8mia, i ha passat per totes les avantguardes abans de tornar a l\u2019origen","_seopress_robots_index":"","_et_pb_use_builder":"on","_et_pb_old_content":"","_et_gb_content_width":"","footnotes":""},"class_list":["post-1087626","page","type-page","status-publish","has-post-thumbnail","hentry"],"_links":{"self":[{"href":"https:\/\/miraestels.com\/ca\/wp-json\/wp\/v2\/pages\/1087626","targetHints":{"allow":["GET"]}}],"collection":[{"href":"https:\/\/miraestels.com\/ca\/wp-json\/wp\/v2\/pages"}],"about":[{"href":"https:\/\/miraestels.com\/ca\/wp-json\/wp\/v2\/types\/page"}],"author":[{"embeddable":true,"href":"https:\/\/miraestels.com\/ca\/wp-json\/wp\/v2\/users\/2"}],"replies":[{"embeddable":true,"href":"https:\/\/miraestels.com\/ca\/wp-json\/wp\/v2\/comments?post=1087626"}],"version-history":[{"count":0,"href":"https:\/\/miraestels.com\/ca\/wp-json\/wp\/v2\/pages\/1087626\/revisions"}],"wp:featuredmedia":[{"embeddable":true,"href":"https:\/\/miraestels.com\/ca\/wp-json\/wp\/v2\/media\/1086338"}],"wp:attachment":[{"href":"https:\/\/miraestels.com\/ca\/wp-json\/wp\/v2\/media?parent=1087626"}],"curies":[{"name":"wp","href":"https:\/\/api.w.org\/{rel}","templated":true}]}}