{"id":1087657,"date":"2024-05-22T12:24:30","date_gmt":"2024-05-22T10:24:30","guid":{"rendered":"https:\/\/miraestels.com\/inspiracio\/"},"modified":"2024-06-07T12:44:59","modified_gmt":"2024-06-07T10:44:59","slug":"inspiracio","status":"publish","type":"page","link":"https:\/\/miraestels.com\/ca\/inspiracio\/","title":{"rendered":"Inspiraci\u00f3"},"content":{"rendered":"<p>[et_pb_section fb_built=&#8221;1&#8243; fullwidth=&#8221;on&#8221; _builder_version=&#8221;4.25.1&#8243; _module_preset=&#8221;default&#8221; background_image=&#8221;https:\/\/miraestels.com\/wp-content\/uploads\/inspiracion-miraestels-portada.jpg&#8221; parallax=&#8221;on&#8221; custom_margin=&#8221;||||false|false&#8221; custom_padding=&#8221;||18vw||false|false&#8221; animation_style=&#8221;slide&#8221; animation_direction=&#8221;top&#8221; global_colors_info=&#8221;{}&#8221;][et_pb_fullwidth_header title=&#8221;Inspiraci\u00f3&#8221; _builder_version=&#8221;4.25.1&#8243; _module_preset=&#8221;default&#8221; title_font_size=&#8221;75px&#8221; content_font_size=&#8221;19px&#8221; background_enable_color=&#8221;off&#8221; custom_margin=&#8221;||||false|false&#8221; custom_padding=&#8221;||||false|false&#8221; animation_style=&#8221;fade&#8221; title_text_shadow_style=&#8221;preset1&#8243; title_text_shadow_horizontal_length=&#8221;0.06em&#8221; title_text_shadow_vertical_length=&#8221;0.04em&#8221; title_text_shadow_blur_strength=&#8221;0.05em&#8221; title_text_shadow_color=&#8221;#000000&#8243; global_colors_info=&#8221;{}&#8221;]Al principi va ser una paraula: Saltamart\u00ed\u2026[\/et_pb_fullwidth_header][\/et_pb_section][et_pb_section fb_built=&#8221;1&#8243; _builder_version=&#8221;4.25.1&#8243; _module_preset=&#8221;default&#8221; custom_padding=&#8221;0px||0px|||&#8221; global_colors_info=&#8221;{}&#8221;][et_pb_row column_structure=&#8221;1_2,1_2&#8243; use_custom_gutter=&#8221;on&#8221; gutter_width=&#8221;1&#8243; make_equal=&#8221;on&#8221; _builder_version=&#8221;4.25.1&#8243; _module_preset=&#8221;default&#8221; width=&#8221;100%&#8221; max_width=&#8221;100%&#8221; custom_padding=&#8221;0px||0px||true|false&#8221; global_colors_info=&#8221;{}&#8221;][et_pb_column type=&#8221;1_2&#8243; _builder_version=&#8221;4.25.1&#8243; _module_preset=&#8221;default&#8221; animation_style=&#8221;slide&#8221; animation_direction=&#8221;left&#8221; custom_css_main_element=&#8221;margin:auto;&#8221; global_colors_info=&#8221;{}&#8221;][et_pb_text _builder_version=&#8221;4.25.1&#8243; _module_preset=&#8221;default&#8221; text_line_height=&#8221;1.9em&#8221; custom_margin=&#8221;|100px||100px|false|true&#8221; custom_margin_tablet=&#8221;|100px||100px|false|true&#8221; custom_margin_phone=&#8221;|60px||60px|false|true&#8221; custom_margin_last_edited=&#8221;on|phone&#8221; custom_padding=&#8221;50px||||false|false&#8221; global_colors_info=&#8221;{}&#8221;]<\/p>\n<p>A inst\u00e0ncies de la Fundaci\u00f3 J. Lloren\u00e7 Artigas, un grup d\u2019escultors decideix retre homenatge conjunt a la figura de l\u2019artista i poeta, ja desaparegut. L\u2019amic de tothom <span style=\"color: #ae9962;\"><strong>Joan Brossa<\/strong><\/span>. Cadasc\u00fa crea una obra escult\u00f2rica.<\/p>\n<p>El motiu escollit per unanimitat per inspirar-se prov\u00e9 d\u2019una col\u00b7lecci\u00f3 de poesies breus d\u2019aquest creador singular: \u00abEl Saltamart\u00ed\u00bb, la paraula que Brossa defineix al primer poema del llibre com una analogia entre l\u2019objecte i \u00abel poble\u00bb d\u2019una lucidesa i un humor fora d\u2019\u00f2rbita.<\/p>\n<p>[\/et_pb_text][et_pb_image src=&#8221;https:\/\/miraestels.com\/wp-content\/uploads\/Silueta-gris-206&#215;300-1.png&#8221; alt=&#8221;Silueta Gris&#8221; title_text=&#8221;Silueta Gris&#8221; show_bottom_space=&#8221;off&#8221; align=&#8221;center&#8221; _builder_version=&#8221;4.25.1&#8243; _module_preset=&#8221;default&#8221; custom_padding=&#8221;26px||26px||true|false&#8221; global_colors_info=&#8221;{}&#8221;][\/et_pb_image][\/et_pb_column][et_pb_column type=&#8221;1_2&#8243; _builder_version=&#8221;4.25.1&#8243; _module_preset=&#8221;default&#8221; background_color=&#8221;#AE9962&#8243; global_colors_info=&#8221;{}&#8221;][et_pb_text _builder_version=&#8221;4.25.1&#8243; _module_preset=&#8221;default&#8221; text_text_color=&#8221;#FFFFFF&#8221; text_line_height=&#8221;1.9em&#8221; header_3_font=&#8221;|700|||||||&#8221; header_3_text_color=&#8221;#FFFFFF&#8221; header_3_font_size=&#8221;27px&#8221; header_4_font=&#8221;|700|||||||&#8221; header_4_text_color=&#8221;#FFFFFF&#8221; header_4_font_size=&#8221;22px&#8221; header_4_line_height=&#8221;1.8em&#8221; custom_margin=&#8221;|60px||60px|false|true&#8221; custom_padding=&#8221;50px||||false|false&#8221; animation_style=&#8221;slide&#8221; animation_direction=&#8221;right&#8221; global_colors_info=&#8221;{}&#8221;]<\/p>\n<h3>Saltamart\u00ed<\/h3>\n<p>&nbsp;<\/p>\n<h4>Ninot<br \/>que porta un<br \/>pes a la base i que,<br \/>desviat de la seva posici\u00f3<br \/>vertical, es torna a posar<br \/>dret.<\/h4>\n<h4><\/h4>\n<h4>El poble<\/h4>\n<p><img loading=\"lazy\" decoding=\"async\" src=\"https:\/\/miraestels.com\/wp-content\/uploads\/Brossa-firma.png\" width=\"200\" height=\"72\" alt=\"Brossa Firma\" class=\"wp-image-42 alignright size-full\">(*) Ninot que porta un pes a la base i que, desviant-se de la seva posici\u00f3 vertical, es torna a posar dret. El poble.<\/p>\n<p>[\/et_pb_text][\/et_pb_column][\/et_pb_row][\/et_pb_section][et_pb_section fb_built=&#8221;1&#8243; _builder_version=&#8221;4.25.1&#8243; _module_preset=&#8221;default&#8221; custom_padding=&#8221;0px||0px|||&#8221; global_colors_info=&#8221;{}&#8221;][et_pb_row column_structure=&#8221;1_2,1_2&#8243; use_custom_gutter=&#8221;on&#8221; gutter_width=&#8221;1&#8243; make_equal=&#8221;on&#8221; _builder_version=&#8221;4.25.1&#8243; _module_preset=&#8221;default&#8221; width=&#8221;100%&#8221; max_width=&#8221;100%&#8221; custom_padding=&#8221;0px||0px|||&#8221; global_colors_info=&#8221;{}&#8221;][et_pb_column type=&#8221;1_2&#8243; _builder_version=&#8221;4.25.1&#8243; _module_preset=&#8221;default&#8221; global_colors_info=&#8221;{}&#8221;][et_pb_image src=&#8221;https:\/\/miraestels.com\/wp-content\/uploads\/Miraestels-Inspiracion.jpg&#8221; alt=&#8221;Miraestels Inspiraci\u00f3&#8221; title_text=&#8221;Miraestels Inspiraci\u00f3&#8221; align=&#8221;center&#8221; force_fullwidth=&#8221;on&#8221; _builder_version=&#8221;4.25.1&#8243; _module_preset=&#8221;default&#8221; animation_style=&#8221;slide&#8221; animation_direction=&#8221;left&#8221; global_colors_info=&#8221;{}&#8221;][\/et_pb_image][\/et_pb_column][et_pb_column type=&#8221;1_2&#8243; _builder_version=&#8221;4.25.1&#8243; _module_preset=&#8221;default&#8221; custom_css_main_element=&#8221;margin:auto;&#8221; global_colors_info=&#8221;{}&#8221;][et_pb_text _builder_version=&#8221;4.25.1&#8243; _module_preset=&#8221;default&#8221; text_line_height=&#8221;1.9em&#8221; header_3_text_align=&#8221;center&#8221; header_3_font_size=&#8221;25px&#8221; header_3_line_height=&#8221;1.7em&#8221; custom_margin=&#8221;|30px||30px|false|true&#8221; animation_style=&#8221;slide&#8221; animation_direction=&#8221;right&#8221; global_colors_info=&#8221;{}&#8221;]<\/p>\n<h3>Efectivament, no sembla que hi hagi cap batzegada de la qual un poble no s\u2019acabi recuperant.<\/h3>\n<p>[\/et_pb_text][\/et_pb_column][\/et_pb_row][\/et_pb_section][et_pb_section fb_built=&#8221;1&#8243; _builder_version=&#8221;4.25.1&#8243; _module_preset=&#8221;default&#8221; custom_padding=&#8221;0px||0px|||&#8221; global_colors_info=&#8221;{}&#8221;][et_pb_row column_structure=&#8221;1_2,1_2&#8243; use_custom_gutter=&#8221;on&#8221; gutter_width=&#8221;1&#8243; make_equal=&#8221;on&#8221; _builder_version=&#8221;4.25.1&#8243; _module_preset=&#8221;default&#8221; width=&#8221;100%&#8221; max_width=&#8221;100%&#8221; custom_padding=&#8221;0px||0px|||&#8221; global_colors_info=&#8221;{}&#8221;][et_pb_column type=&#8221;1_2&#8243; _builder_version=&#8221;4.25.1&#8243; _module_preset=&#8221;default&#8221; custom_css_main_element=&#8221;margin:auto;&#8221; global_colors_info=&#8221;{}&#8221;][et_pb_text _builder_version=&#8221;4.25.1&#8243; _module_preset=&#8221;default&#8221; text_line_height=&#8221;1.9em&#8221; custom_margin=&#8221;|60px||60px|false|true&#8221; custom_margin_tablet=&#8221;|60px||60px|false|true&#8221; custom_margin_phone=&#8221;|60px|20px|60px|false|true&#8221; custom_margin_last_edited=&#8221;on|phone&#8221; animation_style=&#8221;slide&#8221; animation_direction=&#8221;left&#8221; global_colors_info=&#8221;{}&#8221;]En un comen\u00e7ament, Robert Llim\u00f3s crea tres figures diferents a manera d&#8217;aproximaci\u00f3 al mateix Brossa. La primera camina, la segona porta les seves sabates, la tercera mira cap al cel. Remodela la darrera. La fa cr\u00e9ixer d&#8217;escala.<\/p>\n<p>La inestabilitat de la pe\u00e7a sugereix a Llim\u00f3s allunyar-la de la base ferma, incorporar un material ins\u00f2lit, fer-la flotant. El Saltamart\u00ed salta a l\u2019aigua transformat i rebatejat com a <span style=\"color: #ae9962;\"><strong>MIRAESTELS<\/strong><\/span>, i els materials habituals de les escultures es canvien per la fibra de vidre i la resina de poli\u00e8ster de les embarcacions mar\u00edtimes.[\/et_pb_text][\/et_pb_column][et_pb_column type=&#8221;1_2&#8243; _builder_version=&#8221;4.25.1&#8243; _module_preset=&#8221;default&#8221; custom_css_main_element=&#8221;margin:auto;&#8221; global_colors_info=&#8221;{}&#8221;][et_pb_image src=&#8221;https:\/\/miraestels.com\/wp-content\/uploads\/Miraestels-Inspiracion-03.jpg&#8221; alt=&#8221;Miraestels Inspiraci\u00f3&#8221; title_text=&#8221;Miraestels Inspiraci\u00f3&#8221; align=&#8221;center&#8221; force_fullwidth=&#8221;on&#8221; _builder_version=&#8221;4.25.1&#8243; _module_preset=&#8221;default&#8221; animation_style=&#8221;slide&#8221; animation_direction=&#8221;right&#8221; global_colors_info=&#8221;{}&#8221;][\/et_pb_image][\/et_pb_column][\/et_pb_row][\/et_pb_section][et_pb_section fb_built=&#8221;1&#8243; _builder_version=&#8221;4.25.1&#8243; _module_preset=&#8221;default&#8221; custom_padding=&#8221;0px||0px|||&#8221; global_colors_info=&#8221;{}&#8221;][et_pb_row column_structure=&#8221;1_2,1_2&#8243; use_custom_gutter=&#8221;on&#8221; gutter_width=&#8221;1&#8243; make_equal=&#8221;on&#8221; _builder_version=&#8221;4.25.1&#8243; _module_preset=&#8221;default&#8221; width=&#8221;100%&#8221; max_width=&#8221;100%&#8221; custom_padding=&#8221;0px||0px|||&#8221; global_colors_info=&#8221;{}&#8221;][et_pb_column type=&#8221;1_2&#8243; _builder_version=&#8221;4.25.1&#8243; _module_preset=&#8221;default&#8221; global_colors_info=&#8221;{}&#8221;][et_pb_image src=&#8221;https:\/\/miraestels.com\/wp-content\/uploads\/Miraestels-Inspiracion-04.jpg&#8221; alt=&#8221;Miraestels Inspiraci\u00f3&#8221; title_text=&#8221;Miraestels Inspiraci\u00f3&#8221; align=&#8221;center&#8221; force_fullwidth=&#8221;on&#8221; _builder_version=&#8221;4.25.1&#8243; _module_preset=&#8221;default&#8221; animation_style=&#8221;slide&#8221; animation_direction=&#8221;left&#8221; global_colors_info=&#8221;{}&#8221;][\/et_pb_image][\/et_pb_column][et_pb_column type=&#8221;1_2&#8243; _builder_version=&#8221;4.25.1&#8243; _module_preset=&#8221;default&#8221; custom_css_main_element=&#8221;margin:auto;&#8221; global_colors_info=&#8221;{}&#8221;][et_pb_text _builder_version=&#8221;4.25.1&#8243; _module_preset=&#8221;default&#8221; text_line_height=&#8221;1.9em&#8221; custom_margin=&#8221;10px|60px||60px|false|true&#8221; animation_style=&#8221;slide&#8221; animation_direction=&#8221;right&#8221; global_colors_info=&#8221;{}&#8221;]<span style=\"color: #ae9962;\"><strong>MIRAESTELS<\/strong><\/span> acaba amagant al darrere seu, fermada entre les mans, una estrella capturada en somnis.[\/et_pb_text][et_pb_image src=&#8221;https:\/\/miraestels.com\/wp-content\/uploads\/Miraestels-Logo-Estrella.png&#8221; alt=&#8221;Miraestels (logo Estrella)&#8221; title_text=&#8221;Miraestels (logo Estrella)&#8221; align=&#8221;center&#8221; _builder_version=&#8221;4.25.1&#8243; _module_preset=&#8221;default&#8221; width=&#8221;9%&#8221; width_tablet=&#8221;9%&#8221; width_phone=&#8221;11%&#8221; width_last_edited=&#8221;on|phone&#8221; custom_padding=&#8221;26px||||false|false&#8221; animation_style=&#8221;slide&#8221; animation_direction=&#8221;right&#8221; animation_duration=&#8221;1250ms&#8221; global_colors_info=&#8221;{}&#8221;][\/et_pb_image][et_pb_text _builder_version=&#8221;4.25.1&#8243; _module_preset=&#8221;default&#8221; text_line_height=&#8221;1.9em&#8221; custom_margin=&#8221;20px|60px|20px|60px|true|true&#8221; animation_style=&#8221;slide&#8221; animation_direction=&#8221;right&#8221; global_colors_info=&#8221;{}&#8221;]Bressolada per l\u2019aigua que l\u2019envolta, <span style=\"color: #ae9962;\"><strong>MIRAESTELS<\/strong><\/span> \u00e9s un emblema m\u00e0gic de la Barcelona encantadora que agrada tant arreu del m\u00f3n, el primer port mediterrani.[\/et_pb_text][\/et_pb_column][\/et_pb_row][\/et_pb_section]<\/p>\n","protected":false},"excerpt":{"rendered":"<p>Al principi va ser una paraula: Saltamart\u00ed\u2026A inst\u00e0ncies de la Fundaci\u00f3 J. Lloren\u00e7 Artigas, un grup d\u2019escultors decideix retre homenatge conjunt a la figura de l\u2019artista i poeta, ja desaparegut. L\u2019amic de tothom Joan Brossa. Cadasc\u00fa crea una obra escult\u00f2rica. El motiu escollit per unanimitat per inspirar-se prov\u00e9 d\u2019una col\u00b7lecci\u00f3 de poesies breus d\u2019aquest creador [&hellip;]<\/p>\n","protected":false},"author":2,"featured_media":1086348,"parent":0,"menu_order":0,"comment_status":"closed","ping_status":"closed","template":"","meta":{"_seopress_robots_primary_cat":"","_seopress_titles_title":"%%post_title%% %%sep%% %%sitetitle%%","_seopress_titles_desc":"Inspiraci\u00f3 de Robert Llim\u00f3s per crear Miraestels","_seopress_robots_index":"","_et_pb_use_builder":"on","_et_pb_old_content":"","_et_gb_content_width":"","footnotes":""},"class_list":["post-1087657","page","type-page","status-publish","has-post-thumbnail","hentry"],"_links":{"self":[{"href":"https:\/\/miraestels.com\/ca\/wp-json\/wp\/v2\/pages\/1087657","targetHints":{"allow":["GET"]}}],"collection":[{"href":"https:\/\/miraestels.com\/ca\/wp-json\/wp\/v2\/pages"}],"about":[{"href":"https:\/\/miraestels.com\/ca\/wp-json\/wp\/v2\/types\/page"}],"author":[{"embeddable":true,"href":"https:\/\/miraestels.com\/ca\/wp-json\/wp\/v2\/users\/2"}],"replies":[{"embeddable":true,"href":"https:\/\/miraestels.com\/ca\/wp-json\/wp\/v2\/comments?post=1087657"}],"version-history":[{"count":0,"href":"https:\/\/miraestels.com\/ca\/wp-json\/wp\/v2\/pages\/1087657\/revisions"}],"wp:featuredmedia":[{"embeddable":true,"href":"https:\/\/miraestels.com\/ca\/wp-json\/wp\/v2\/media\/1086348"}],"wp:attachment":[{"href":"https:\/\/miraestels.com\/ca\/wp-json\/wp\/v2\/media?parent=1087657"}],"curies":[{"name":"wp","href":"https:\/\/api.w.org\/{rel}","templated":true}]}}