{"id":1088020,"date":"2024-05-23T12:30:58","date_gmt":"2024-05-23T10:30:58","guid":{"rendered":"https:\/\/miraestels.com\/condicions-generals-de-contractacio\/"},"modified":"2024-06-18T08:41:58","modified_gmt":"2024-06-18T06:41:58","slug":"condicions-generals-de-contractacio","status":"publish","type":"page","link":"https:\/\/miraestels.com\/ca\/condicions-generals-de-contractacio\/","title":{"rendered":"Condicions generals de contractaci\u00f3"},"content":{"rendered":"<p>[et_pb_section fb_built=&#8221;1&#8243; fullwidth=&#8221;on&#8221; _builder_version=&#8221;4.25.1&#8243; _module_preset=&#8221;default&#8221; background_image=&#8221;https:\/\/miraestels.com\/wp-content\/uploads\/aviso-legal.jpg&#8221; custom_padding=&#8221;14vw||2vw||false|false&#8221; global_colors_info=&#8221;{}&#8221;][et_pb_fullwidth_post_title meta=&#8221;off&#8221; featured_image=&#8221;off&#8221; _builder_version=&#8221;4.25.1&#8243; _module_preset=&#8221;default&#8221; title_text_color=&#8221;#FFFFFF&#8221; global_colors_info=&#8221;{}&#8221;][\/et_pb_fullwidth_post_title][\/et_pb_section][et_pb_section fb_built=&#8221;1&#8243; _builder_version=&#8221;4.16&#8243; global_colors_info=&#8221;{}&#8221;][et_pb_row _builder_version=&#8221;4.16&#8243; background_size=&#8221;initial&#8221; background_position=&#8221;top_left&#8221; background_repeat=&#8221;repeat&#8221; global_colors_info=&#8221;{}&#8221;][et_pb_column type=&#8221;4_4&#8243; _builder_version=&#8221;4.16&#8243; custom_padding=&#8221;|||&#8221; global_colors_info=&#8221;{}&#8221; custom_padding__hover=&#8221;|||&#8221;][et_pb_text _builder_version=&#8221;4.25.1&#8243; background_size=&#8221;initial&#8221; background_position=&#8221;top_left&#8221; background_repeat=&#8221;repeat&#8221; global_colors_info=&#8221;{}&#8221;]<\/p>\n<p><strong>1. REGULACI\u00d3<\/strong><\/p>\n<p><strong>1.1<\/strong> Les presents Condicions de Contractaci\u00f3 regulen les relacions comercials entre ROBERT LLIM\u00d3S propietari del lloc web <a href=\"https:\/\/www.miraestels.com\/\" target=\"_blank\" rel=\"noopener noreferrer\">www.miraestels.com<\/a> i els seus Clients.<\/p>\n<p><strong>1.2<\/strong> Amb la contractaci\u00f3 online dels nostres producte i\/o serveis el Client accepta plenament i sense reserves aquestes Condicions Generals de Contractaci\u00f3 per a cada producte o servei (d\u2019ara endavant el \u201cContracte\u201d), acceptant ambdues parts la possibilitat de la seva formalitzaci\u00f3, per qualsevol mitj\u00e0 adm\u00e8s en dret.<\/p>\n<p><strong>2. TITULARITAT WEBSITE<\/strong><\/p>\n<p>En compliment del que es disposa en l\u2019article 10 de la Llei 34\/2002, d\u201911 de juliol, de Serveis de la Societat de la Informaci\u00f3 i Comer\u00e7 Electr\u00f2nic (LSSICE), posem a la seva disposici\u00f3 la \u201cinformaci\u00f3 general\u201d, que compr\u00e8n les dades identificatives de l\u2019entitat titular d\u2019aquest WEBSITE:<br \/><strong><br \/>Denominaci\u00f3 Social:<\/strong>ROBERT LLIM\u00d3S<br \/><strong>Domicili de Contacte: <\/strong>Sant Pere M\u00e9s Alt, 43, 3r, 08003 Barcelona<br \/><strong>DNI:<\/strong> 37606809S<br \/><strong>e-Mail:<\/strong> <a href=\"mailto:miraestels@miraestels.com\" target=\"_blank\" rel=\"noopener noreferrer\">miraestels@miraestels.com<\/a><\/p>\n<p><strong>3. CLIENT<\/strong><\/p>\n<p><strong>3.1<\/strong> Persona f\u00edsica major d\u2019edat o persona jur\u00eddica degudament representada que accepta \u00edntegrament el Contracte (d\u2019ara endavant, el \u201cClient\u201d). L\u2019acceptaci\u00f3 constitueix el requisit indispensable per donar-se d\u2019alta com a Client del servei i registrar-se en el mateix, per a aquells serveis telem\u00e0tics que aix\u00ed ho requereixin.<\/p>\n<p><strong>3.2<\/strong> No seran admesos com a Clients els menors d\u2019edat. El Client declara, sota la seva exclusiva responsabilitat, que \u00e9s major d\u2019edat, que est\u00e0 capacitat per a l\u2019acceptaci\u00f3 d\u2019aquestes condicions i que tota la informaci\u00f3 que faciliti sobre les seves circumst\u00e0ncies personals s\u2019ajusta a la realitat.<\/p>\n<p><strong>3.3<\/strong> El Client manifesta i garanteix que t\u00e9 facultats suficients per subscriure el Contracte, per si o qualsevol dels seus agents o representants que actu\u00efn en el seu nom, i que en acceptar-ho queda obligat per les presents condicions i termes del Contracte.<\/p>\n<p><strong>4. OBJECTE<\/strong><\/p>\n<p><strong>4.1<\/strong> L\u2019objecte del Contracte consisteix en la posada a disposici\u00f3 dels usuaris del WEBSITE de diferents productes i\/o serveis amb la finalitat de ser comercialitzats per mitj\u00e0 del WEBSITE en els termes establerts en aquestes condicions i indicats al WEBSITE.<\/p>\n<p><strong>4.2<\/strong> El Client coneix i accepta que \u00e9s responsabilitat exclusiva de ROBERT LLIM\u00d3S l\u2019organitzaci\u00f3 dels continguts dels usuaris en el seu WEBSITE.<\/p>\n<p><strong>4.3.<\/strong> El Client accepta que ROBERT LLIM\u00d3S pugui adaptar els serveis objecte del Contracte als avan\u00e7os tecnol\u00f2gics o a altres productes de gamma o funcionalitat similar o superior, sense que aix\u00f2 suposi modificaci\u00f3 contractual substancial de l\u2019objecte contractat.<\/p>\n<p><strong>4.5<\/strong> Caracter\u00edstiques dels serveis i\/o productes oferts per ROBERTO LLIM\u00d3S:<br \/>La descripci\u00f3 dels productes i\/o serveis oferts per ROBERT LLIM\u00d3S s\u00f3n els descrits al moment de la contractaci\u00f3 al WEBSITE: <a href=\"https:\/\/www.miraestels.com\/\" target=\"_blank\" rel=\"noopener noreferrer\">www.miraestels.com<\/a><\/p>\n<p><strong>5. VIG\u00c8NCIA I IDIOMA<\/strong><\/p>\n<p><strong>5.1<\/strong> El Contracte entrar\u00e0 en vigor i assortir\u00e0 plens efectes des del moment en qu\u00e8 es produeixi l\u2019acceptaci\u00f3 pel Client, a tals efectes, ROBERT LLIM\u00d3S remetr\u00e0 un correu electr\u00f2nic de confirmaci\u00f3 a l\u2019adre\u00e7a que el Client hagi assenyalat en el termini de les vint-i-quatre (24) hores seg\u00fcents a la recepci\u00f3 de l\u2019acceptaci\u00f3.<\/p>\n<p><strong>5.2<\/strong> El contracte ser\u00e0 formalitzat en castell\u00e0, catal\u00e0 i angl\u00e8s.<\/p>\n<p><strong>6. PREU I FORMA DE PAGAMENT<\/strong><\/p>\n<p><strong>6.1<\/strong> Els preus aplicables a cada servei seran els publicats al WEBSITE i aplicats de forma autom\u00e0tica pel proc\u00e9s de contractaci\u00f3 en l\u2019\u00faltima fase del mateix.<\/p>\n<p><strong>6.2<\/strong> Els preus que s\u2019indiquen respecte a cada servei o producte inclouen l\u2019Impost sobre el Valor Afegit (IVA) o altres impostos que poguessin ser aplicables i en tot cas s\u2019expressaran en la moneda Euro (\u20ac).<\/p>\n<p><strong>6.3<\/strong> S\u2019ofereixen els seg\u00fcents m\u00e8todes de pagament: targeta de cr\u00e8dit (amb Stripe) i Paypal.<\/p>\n<p><strong>7. DESISTIMENT<\/strong><\/p>\n<p>Te dret a desistir el contracte present bans de 14 dies naturals sense necesitat de justificaci\u00f3.<\/p>\n<p>El termini de desistiment finalitzar\u00e0 als 14 dies naturals del dia que vost\u00e9 o un tercer per vost\u00e9 indicat, diferent del transportista, va pendre possessi\u00f3 material dels bens.<\/p>\n<p>Per exercir el dret de desistiment, haur\u00e0 vost\u00e8 notificar a ROBERT LLIM\u00d3S a la direcci\u00f3n: Sant Pere M\u00e9s Alt, 43, 3r Barcelona 08003 o per email, info@miraestels.com la seva decisi\u00f3 de desistir de l\u2019contracte a trav\u00e9s d\u2019una declaraci\u00f3 inequ\u00edvoca (per exemple, una carta enviada per correu postal o correu electr\u00f2nic). Es pot utilitzar el model de formulari de desistiment que figura a continuaci\u00f3, encara que el seu \u00fas no \u00e9s obligatori. Per complir el termini de desistiment, nom\u00e9s cal que la comunicaci\u00f3 relativa a l\u2019exercici de la seva banda d\u2019aquest dret sigui tramesa abans que venci el termini corresponent.<\/p>\n<p>Es pot utilitzar el model de formulari de desistiment que figura a continuaci\u00f3, encara que el seu \u00fas no \u00e9s obligatori.<\/p>\n<p>Per complir el termini de desistiment, nom\u00e9s cal que la comunicaci\u00f3 relativa a l\u2019exercici de la seva banda d\u2019aquest dret sigui tramesa abans que venci el termini corresponent.<\/p>\n<p><strong> Model de formulari de desistiment:<\/strong><br \/>Per la present li comunico que desisteixo del meu del nostre contracte de venda de el seg\u00fcent b\u00e9:<br \/>\u2013 Comanda el \/ rebut el:<br \/>\u2013 Nom de l\u2019consumidor \/ usuari:<br \/>\u2013 Domicili de l\u2019consumidor \/ usuari:<br \/>\u2013 Signatura de l\u2019consumidor \/ usuari, (nom\u00e9s si el present formulari es presenta en paper):<br \/>\u2013 Data:<br \/><strong>Conseq\u00fc\u00e8ncies del desistiment <\/strong><\/p>\n<p>En cas de desistiment per part seva, li retornarem tots els pagaments rebuts de vost\u00e8, inclosos les despeses de lliurament (amb l\u2019excepci\u00f3 de les despeses addicionals resultants de l\u2019elecci\u00f3 per la seva part d\u2019una modalitat de lliurament diferent a la modalitat menys costosa de lliurament ordinari que oferim) sense cap demora indeguda i, en tot cas, a tot tardar 14 dies naturals a partir de la data en la qual se\u2019ns informi de la seva decisi\u00f3 de desistir del contracte actual. Procedirem a efectuar aquest reemborsament utilitzant el mateix mitj\u00e0 de pagament emprat per vost\u00e8 per a la transacci\u00f3 inicial, tret que hi hagi vost\u00e8 disposat expressament el contrari; en tot cas, no incorrer\u00e0 en cap despesa com a conseq\u00fc\u00e8ncia del reemborsament.<\/p>\n<p>Podrem retenir el reemborsament fins rebre tots els bens, o fins que vost\u00e9 presenti una prova de la devoluci\u00f3 d&#8217;aquests, segons quina condici\u00f3 es compleixi primer.<\/p>\n<p>Haur\u00e0 vost\u00e8 tornar-nos o lliurar directament els b\u00e9ns o ROBERT LLIM\u00d3S Sant Pere M\u00e9s Alt, 43, 3r Barcelona 08003, sense cap demora indeguda i, en qualsevol cas, com a molt tard en el termini de 14 dies naturals a partir de la data en qu\u00e8 ens comuniqui la seva decisi\u00f3 de desistiment de l\u2019contracte. Es considera complert el termini si efectua la devoluci\u00f3 dels b\u00e9ns abans que hagi concl\u00f2s aquest termini.<\/p>\n<p>S\u2019ha de vost\u00e8 assumir el cost directe de devoluci\u00f3 dels b\u00e9ns.<\/p>\n<p>Nom\u00e9s ser\u00e0 vost\u00e8 responsable de la disminuci\u00f3 de valor dels b\u00e9ns resultant d\u2019una manipulaci\u00f3 diferent a la necess\u00e0ria per establir la naturalesa, les caracter\u00edstiques i el funcionament dels b\u00e9ns<\/p>\n<p><strong>Excepcions al dret de desistiment <\/strong><\/p>\n<p>El dret de desistiment no ser\u00e0 aplicable als contractes que es refereixin a:<\/p>\n<p>El subministrament de b\u00e9ns confeccionats conforme a les especificacions del consumidor i usuari o clarament personalitzats.<\/p>\n<p><strong>8. GARANTIA DELS PRODUCTES<\/strong><\/p>\n<p><strong>8.1<\/strong> El termini de garantia \u00e9s de dos anys, des del lliurament del producte, si b\u00e9 en la mateixa no s\u2019inclouen defici\u00e8ncies ocasionades per neglig\u00e8ncies, cops, \u00fas incorrecte o manipulacions indegudes, instal\u00b7lacions incorrectes no efectuades per Serveis T\u00e8cnics autoritzats quan escaigui, etc, ni materials que estiguin desgastats per l\u2019\u00fas.<\/p>\n<p><strong>8.2<\/strong> Excepte prova en contrari, es presumir\u00e0 que les faltes de conformitat que es manifestin en els sis mesos posteriors al lliurament del producte, sigui aquest nou o de segona m\u00e0, ja existien quan el producte es va lliurar, excepte quan aquesta presumpci\u00f3 sigui incompatible amb la naturalesa del producte o l\u2019\u00edndole de la falta de conformitat.<\/p>\n<p><strong>8.3<\/strong> ROBERT LLIM\u00d3S es reserva el dret a sol\u00b7licitar a un servei t\u00e8cnic oficial de la marca, una verificaci\u00f3 de l\u2019origen del problema. En cas de resultar un defecte provocat pel mal \u00fas, la reparaci\u00f3 ser\u00e0 facturable. En aquells sup\u00f2sits que justifiquin l\u2019aplicaci\u00f3 de la garantia, s\u2019optar\u00e0 per la reparaci\u00f3, substituci\u00f3 de l\u2019article, rebaixa o devoluci\u00f3, en els termes legalment establerts.<\/p>\n<p><strong>9. DESPESES D\u2019ENVIAMENT<\/strong><\/p>\n<p>Les despeses d\u2019enviament i \/ o gesti\u00f3 estan compresos en el preu per enviament a Espanya Pen\u00ednsula.<\/p>\n<p>Per vendes a Balears, les Can\u00e0ries i la resta de l\u2019m\u00f3n, contactar amb nosaltres: miraestels@miraestels.com.<\/p>\n<p>Els costos (aranzels) d\u2019importaci\u00f3, que seran pagats en destinaci\u00f3 pel receptor de la mercaderia.<\/p>\n<p><strong>10. PROCEDIMENT DE CONTRACTACI\u00d3<\/strong><\/p>\n<p><strong>10.1<\/strong> Per realitzar una comanda \u00e9s necessari connectar-se a <a href=\"https:\/\/www.miraestels.com\/\" target=\"_blank\" rel=\"noopener noreferrer\">www.miraestels.com<\/a> i registrar-se com a usuari, emplenant el formulari electr\u00f2nic que a cada moment aparegui en el WEBSITE i seguint les instruccions indicades en el mateix. Despr\u00e9s del registre i, per procedir a la compra de productes, haur\u00e0 d\u2019afegir el producte que desitja adquirir a la cistella, segons les indicacions recollides en la pantalla, emplenant a aquests efectes el formulari de comanda subministrada i validant el mateix. Els preus i ofertes presentats en el WEBSITE s\u00f3n v\u00e0lids \u00fanica i exclusivament per a comandes online realitzades en <a href=\"https:\/\/www.miraestels.com\/\" target=\"_blank\" rel=\"noopener noreferrer\">www.miraestels.com<\/a>. Tots els preus publicats a la nostra p\u00e0gina web es presenten amb IVA incl\u00f2s.<\/p>\n<p><strong>10.2<\/strong> La validaci\u00f3 de la comanda per part del client suposa expressament el coneixement i acceptaci\u00f3 d\u2019aquestes condicions generals de contractaci\u00f3 com a part de la celebraci\u00f3 del contracte. Excepte prova en contrari, les dades registrades per ROBERT LLIM\u00d3S constitueixen la prova del conjunt de transaccions realitzades entre ROBERT LLIM\u00d3S i els seus clients. ROBERT LLIM\u00d3S arxivar\u00e0 el document electr\u00f2nic en qu\u00e8 es formalitzi el contracte i aquest ser\u00e0 accessible si el client ens ho sol\u00b7licita.<\/p>\n<p><strong>10.3<\/strong> Una vegada efectuada la compra i en el termini m\u00e9s breu possible, sempre abans que transcorrin 24 hores des de l\u2019execuci\u00f3 de la compra, el Servei d\u2019Atenci\u00f3 al Client de ROBERT LLIM\u00d3S li remetr\u00e0 per e-mail un comprovant de la compra. Si no est\u00e0 d\u2019acord amb les dades consignades en aquesta confirmaci\u00f3 podr\u00e0 sol\u00b7licitar la modificaci\u00f3 dels mateixos o l\u2019anul\u00b7laci\u00f3 del contracte.<\/p>\n<p><strong>10.4<\/strong> ROBERT LLIM\u00d3S emetr\u00e0 factura en paper, la qual rebr\u00e0 al costat de la seva comanda una vegada hagi estat enviada des dels nostres magatzems.<\/p>\n<p><strong>11. DISPONIBILITAT DELS PRODUCTES<\/strong><\/p>\n<p>La selecci\u00f3 de productes oferts en <a href=\"https:\/\/www.miraestels.com\/\" target=\"_blank\" rel=\"noopener noreferrer\">www.miraestels.com<\/a> \u00e9s v\u00e0lida mentre que els productes estiguin visibles en el WEBSITE, amb els l\u00edmits d\u2019estoc disponibles. En tractar-se de comer\u00e7 electr\u00f2nic, l\u2019estoc s\u2019actualitza online, per la qual cosa podria succeir, eventualment, que durant el proc\u00e9s de compra s\u2019esgoti l\u2019estoc, no podent-se, per tant, en aquests sup\u00f2sits, continuar amb la compravenda iniciada.<\/p>\n<p><strong>12. FORMES I TERMINIS D\u2019ENVIAMENT<\/strong><\/p>\n<p><strong>12.1<\/strong> Els productes oferts en el lloc web s\u2019enviaran \u00fanicament a Espanya Pen\u00ednsula.<\/p>\n<p>Per a vendes a Balears, les Can\u00e0ries i la resta del m\u00f3n, contactar amb nosaltres: <strong>e-mail:<\/strong> <strong>miraestels@miraestels.com.<\/strong><\/p>\n<p><strong>12.2<\/strong> Els productes s\u2019envien a l\u2019adre\u00e7a d\u2019enviament que ens hagi indicat en la comanda. En el cas de realitzar una comanda de diversos articles amb diferents disponibilitats, el termini per a l\u2019expedici\u00f3 tindr\u00e0 en compte el lliurament previst m\u00e9s llarg.<\/p>\n<p>En casos excepcionals, <a href=\"https:\/\/www.miraestels.com\/\" target=\"_blank\" rel=\"noopener noreferrer\">www.miraestels.com<\/a> es reservar\u00e0 el dret a desglossar la comanda, enviant els articles disponibles i deixant pendent d\u2019un segon enviament, els articles no disponibles. En aquest sup\u00f2sit, el segon enviament es realitza sense cap cost addicional. Et proposem diferents formes d\u2019enviament per fer-te arribar la teva comanda de la manera m\u00e9s c\u00f2moda i adequada a les teves necessitats.<\/p>\n<p><strong>12.3<\/strong> Totes les comandes els rebr\u00e0 com a m\u00e0xim en el termini de 10 naturals des de la confirmaci\u00f3 de la seva comanda, excepte causes de for\u00e7a major.<\/p>\n<p>Per a vendes a Balears, les Can\u00e0ries i la resta del m\u00f3n, contactar amb nosaltres: <strong>e-mail:<\/strong> <strong>miraestels@miraestels.com.<\/strong>.<\/p>\n<p>Per realitzar el transport i lliurament dels enviaments, hem triat a una empresa de missatgeria de reconegut prestigi. En el cas que el client detect\u00e9s qualsevol problema al moment del lliurament de la seva comanda (embalatge espatllat, productes no lliurats o deteriorats) ha d\u2019indicar-ho per escrit en l\u2019albar\u00e0 de lliurament del transportista, i contactar via email en <a href=\"mailto:info@miraestels.com\" target=\"_blank\" rel=\"noopener noreferrer\">miraestels@miraestels.com<\/a> dins dels 7 dies seg\u00fcents a la recepci\u00f3.<\/p>\n<p>No s\u2019admetr\u00e0 cap devoluci\u00f3 d\u2019article danyat, aix\u00ed com reclamaci\u00f3 d\u2019article que falta, si no ha estat comunicat dins del termini establert.<\/p>\n<p><strong>13. REEMBORSAMENT DELS IMPORTS PAGATS<\/strong><\/p>\n<p>El reembolso se efectuar\u00e1 a trav\u00e9s del medio de pago que utiliz\u00f3 en la compra, excepto en el caso de haber pagado contra reembolso. En este caso se realizar\u00e1 la devoluci\u00f3n v\u00eda transferencia bancaria.<\/p>\n<p><strong>14. LEGISLACI\u00d3 APLICABLE I JURISDICCI\u00d3 COMPETENT<\/strong><\/p>\n<p><strong>14.1<\/strong> Aquestes condicions estan sotmeses a la legislaci\u00f3 espanyola.<\/p>\n<p><strong>14.2<\/strong> Per a la resoluci\u00f3 de qualsevol disputa o litigi que sorgeixi en relaci\u00f3 amb la interpretaci\u00f3 o execuci\u00f3 dels pactes seran competents els Jutjats i Tribunals de la ciutat de Barcelona<\/p>\n<p><strong>15. ACCEPTACI\u00d3 DE LES CONDICIONS<\/strong><\/p>\n<p>L\u2019acceptaci\u00f3 de les presents Condicions Generals de Contractaci\u00f3 per part de l\u2019Usuari \u00e9s condici\u00f3 pr\u00e8via indispensable i obligat\u00f2ria per poder adquirir els productes i\/o serveis en <a href=\"https:\/\/www.miraestels.com\/\" target=\"_blank\" rel=\"noopener noreferrer\"> www.miraestels.com<\/a>. L\u2019Usuari declara, sota la seva responsabilitat, haver llegit les presents Condicions generals de Contractaci\u00f3 d\u2019\u00fas del Portal i els serveis oferts \u00edntegrament, i acceptar-les.<\/p>\n<p>[\/et_pb_text][\/et_pb_column][\/et_pb_row][\/et_pb_section]<\/p>\n","protected":false},"excerpt":{"rendered":"<p>1. REGULACI\u00d3 1.1 Les presents Condicions de Contractaci\u00f3 regulen les relacions comercials entre ROBERT LLIM\u00d3S propietari del lloc web www.miraestels.com i els seus Clients. 1.2 Amb la contractaci\u00f3 online dels nostres producte i\/o serveis el Client accepta plenament i sense reserves aquestes Condicions Generals de Contractaci\u00f3 per a cada producte o servei (d\u2019ara endavant el [&hellip;]<\/p>\n","protected":false},"author":2,"featured_media":0,"parent":0,"menu_order":0,"comment_status":"closed","ping_status":"closed","template":"","meta":{"_seopress_robots_primary_cat":"","_seopress_titles_title":"","_seopress_titles_desc":"","_seopress_robots_index":"yes","_et_pb_use_builder":"on","_et_pb_old_content":"","_et_gb_content_width":"","footnotes":""},"class_list":["post-1088020","page","type-page","status-publish","hentry"],"_links":{"self":[{"href":"https:\/\/miraestels.com\/ca\/wp-json\/wp\/v2\/pages\/1088020","targetHints":{"allow":["GET"]}}],"collection":[{"href":"https:\/\/miraestels.com\/ca\/wp-json\/wp\/v2\/pages"}],"about":[{"href":"https:\/\/miraestels.com\/ca\/wp-json\/wp\/v2\/types\/page"}],"author":[{"embeddable":true,"href":"https:\/\/miraestels.com\/ca\/wp-json\/wp\/v2\/users\/2"}],"replies":[{"embeddable":true,"href":"https:\/\/miraestels.com\/ca\/wp-json\/wp\/v2\/comments?post=1088020"}],"version-history":[{"count":0,"href":"https:\/\/miraestels.com\/ca\/wp-json\/wp\/v2\/pages\/1088020\/revisions"}],"wp:attachment":[{"href":"https:\/\/miraestels.com\/ca\/wp-json\/wp\/v2\/media?parent=1088020"}],"curies":[{"name":"wp","href":"https:\/\/api.w.org\/{rel}","templated":true}]}}