{"id":1088023,"date":"2024-05-23T10:57:27","date_gmt":"2024-05-23T08:57:27","guid":{"rendered":"https:\/\/miraestels.com\/avis-legal\/"},"modified":"2024-06-18T08:41:58","modified_gmt":"2024-06-18T06:41:58","slug":"avis-legal","status":"publish","type":"page","link":"https:\/\/miraestels.com\/ca\/avis-legal\/","title":{"rendered":"Av\u00eds legal"},"content":{"rendered":"<p>[et_pb_section fb_built=&#8221;1&#8243; fullwidth=&#8221;on&#8221; _builder_version=&#8221;4.25.1&#8243; _module_preset=&#8221;default&#8221; background_image=&#8221;https:\/\/miraestels.com\/wp-content\/uploads\/aviso-legal.jpg&#8221; custom_padding=&#8221;14vw||2vw||false|false&#8221; global_colors_info=&#8221;{}&#8221;][et_pb_fullwidth_post_title meta=&#8221;off&#8221; featured_image=&#8221;off&#8221; _builder_version=&#8221;4.25.1&#8243; _module_preset=&#8221;default&#8221; title_text_color=&#8221;#FFFFFF&#8221; global_colors_info=&#8221;{}&#8221;][\/et_pb_fullwidth_post_title][\/et_pb_section][et_pb_section fb_built=&#8221;1&#8243; _builder_version=&#8221;4.16&#8243; global_colors_info=&#8221;{}&#8221;][et_pb_row _builder_version=&#8221;4.16&#8243; background_size=&#8221;initial&#8221; background_position=&#8221;top_left&#8221; background_repeat=&#8221;repeat&#8221; global_colors_info=&#8221;{}&#8221;][et_pb_column type=&#8221;4_4&#8243; _builder_version=&#8221;4.16&#8243; custom_padding=&#8221;|||&#8221; global_colors_info=&#8221;{}&#8221; custom_padding__hover=&#8221;|||&#8221;][et_pb_text _builder_version=&#8221;4.25.1&#8243; background_size=&#8221;initial&#8221; background_position=&#8221;top_left&#8221; background_repeat=&#8221;repeat&#8221; global_colors_info=&#8221;{}&#8221;]<strong>1. IDENTIFICACI\u00d3 WEBSITE <\/strong><\/p>\n<p>En compliment del que es disposa en l\u2019article 10 de la Llei 34\/2002, d\u201911 de juliol, de Serveis de la Societat de la Informaci\u00f3 i Comer\u00e7 Electr\u00f2nic (LSSICE), posem a la seva disposici\u00f3 la \u201cinformaci\u00f3 general\u201d, que compr\u00e8n les dades identificatives de l\u2019entitat titular d\u2019aquest WEBSITE:<\/p>\n<p><strong>Denominaci\u00f3 Social:<\/strong> Robert Llim\u00f3s<br \/>\n<strong>Nom Comercial:<\/strong> Miraestels<br \/>\n<strong>Adre\u00e7a de Contacte:<\/strong> Sant Pere M\u00e9s Alt, 43, 3r<br \/>\n<strong>DNI:<\/strong> 37606809S<br \/>\n<strong>e-Mail:<\/strong> miraestels@miraestels.com<br \/>\n<strong>Nom de domini:<\/strong> www.miraestels.com<\/p>\n<h2 style=\"text-align: center;\">Condicions <strong> US WEBSITE<\/strong><\/h2>\n<p><strong>2. ATRIBUCI\u00d3 CONDICI\u00d3 D&#8217;USUARIO<\/strong><\/p>\n<p>La utilizaci\u00f3 de <a href=\"https:\/\/www.miraestels.com\" target=\"_blank\" rel=\"noopener noreferrer\"> www.miraestels.com <\/a> (d\u2019ara endavant, el \u201cWEBSITE\u201d) atribueix la condici\u00f3 d\u2019usuari i implica l\u2019acceptaci\u00f3 plena i sense reserves de totes i cadascuna de les disposicions incloses en aquest Av\u00eds Legal en la versi\u00f3 publicada per <strong>ROBERT LLIM\u00d3S<\/strong> al moment mateix que l\u2019usuari accedeixi al WEBSITE. En conseq\u00fc\u00e8ncia, l\u2019usuari ha de llegir atentament el present Av\u00eds Legal en cadascuna de les ocasions en qu\u00e8 es proposi utilitzar el WEBSITE ja que pot ser modificat.<\/p>\n<p><strong>ROBERT LLIM\u00d3S<\/strong> es reserva el dret de modificar les condicions d\u2019\u00fas del WEBSITE, \u00e9s obligaci\u00f3 de l\u2019Usuari revisar peri\u00f2dicament les presents condicions.<\/p>\n<p><strong>3. OBJECTE<\/strong><br \/>\nLes presents condicions d\u2019\u00fas pretenen regular l\u2019acc\u00e9s dels usuaris i la navegaci\u00f3 posterior pel WEBSITE. Aix\u00ed mateix, aquestes condicions regulen la relaci\u00f3 entre els usuaris i ROBERT LLIM\u00d3S quan els primers utilitzin el WEBSITE ofert per ROBERT LLIM\u00d3S o desitgin contractar algun dels serveis oferts.<\/p>\n<p><strong>4. OBLIGACIONS DELS USUARIS <\/strong><\/p>\n<p>Acc\u00e9s i utilitzaci\u00f3 del WEBSITE:<\/p>\n<p>La visita i la consulta d\u2019informaci\u00f3 del WEBSITE, t\u00e9 car\u00e0cter gratu\u00eft per a tots els Usuaris. En canvi la compra dels productes i\/o serveis oferts requereixen el pagament indicat a cada moment al WEBSITE.<\/p>\n<p>El WEBSITE est\u00e0 dirigit a persones amb la capacitat d\u2019obrar necess\u00e0ria per poder contractar, en cas que una persona NO ostenti legalment aquesta capacitat per obligar-se, t\u00e9 prohibida l\u2019adquisici\u00f3 dels productes i\/o serveis oferts al nostre WEBSITE.<\/p>\n<p><strong>RegistrE d&#8217;Usuari:<\/strong><\/p>\n<p>Amb car\u00e0cter general la prestaci\u00f3 dels Serveis exigeix el previ registre de l\u2019Usuari, comprometent-se a fer un \u00fas diligent del nom d\u2019Usuari i contrasenya i a mantenir-la en secret, responent aix\u00ed de tots els perjudicis de l\u2019\u00fas incorrecte i negligent dels mateixos. Deur\u00e0 l\u2019Usuari comunicar a ROBERT LLIM\u00d3S la p\u00e8rdua o robatori dels mateixos o del possible acc\u00e9s per un tercer no autoritzat, de tal forma que aquest procedeixi al bloqueig immediat.<\/p>\n<p>L\u2019Usuari es compromet a utilitzar el WEBSITE i qualsevol dels serveis de conformitat amb la llei, el present Av\u00eds Legal si escau i altres avisos, reglaments d\u2019\u00fas i instruccions posats en el seu coneixement, aix\u00ed com amb la moral i els bons costums generalment acceptades i l\u2019ordre.<\/p>\n<p><strong>Obligaci\u00f3 de fer un \u00fas correcte dels Continguts:<\/strong><\/p>\n<p>L\u2019Usuari es compromet a utilitzar els continguts posats a la disposici\u00f3 dels Usuaris en el WEBSITE i, entenent per aquests, sense que aquesta enumeraci\u00f3 tingui car\u00e0cter limitatiu, els textos, fotografies, gr\u00e0fics, imatges, icones, tecnologia, programari, links i altres continguts audiovisuals o sonors, aix\u00ed com el seu disseny gr\u00e0fic i codis font (d\u2019ara endavant, els \u201cContinguts\u201d), de conformitat amb la llei, el present Av\u00eds Legal (condicions d\u2019\u00fas) i altres avisos, reglaments d\u2019\u00fas i instruccions posats en el seu coneixement i de conformitat amb la moral i els bons costums generalment acceptades i l\u2019ordre p\u00fablic.<\/p>\n<p>ROBERT LLIM\u00d3S podr\u00e0 bloquejar i cancel\u00b7lar immediatament el compte de l\u2019usuari que cometi alguna de les conductes anteriorment descrites i comunicaran les seves dades a les autoritats p\u00fabliques perqu\u00e8 actu\u00efn en conseq\u00fc\u00e8ncia.<\/p>\n<p>\u00das dels Serveis oferts al WEBSITE i de conformitat amb la Pol\u00edtica Anti-Spamming de ROBERT LLIM\u00d3S, l\u2019Usuari s\u2019abstindr\u00e0 de:<\/p>\n<p>(i) recaptar dades amb finalitat publicit\u00e0ria i de remetre publicitat de qualsevol classe i comunicacions amb finalitats de venda o unes altres de naturalesa comercial sense que intervingui la seva pr\u00e8via sol\u00b7licitud o consentiment;<br \/>\n(ii) remetre qualssevol missatge no sol\u00b7licitat ni consentit pr\u00e8viament a una pluralitat de persones;<br \/>\n(iii) enviar cadenes de missatges electr\u00f2nics no sol\u00b7licitats ni pr\u00e8viament consentits;<br \/>\n(iv) utilitzar llistes de distribuci\u00f3 a les quals pugui accedir-se a trav\u00e9s dels Serveis per a la realitzaci\u00f3 de les activitats assenyalades als apartats (i) a (iii) anteriors; (v) posar a la disposici\u00f3 de tercers, amb qualsevol finalitat, dades recaptades a partir de llistes de distribuci\u00f3.<\/p>\n<p>Els Usuaris o tercers perjudicats per la recepci\u00f3 de missatges no sol\u00b7licitats dirigits a una pluralitat de persones podran comunicar-ho a ROBERT LLIM\u00d3Sremetent un missatge a la seg\u00fcent adre\u00e7a de correu electr\u00f2nic: miraestels@miraestels.com.<\/p>\n<p><strong>5. PROPIETAT INTEL\u00b7LECTUAL (ROBERT LLIM\u00d3S-DMCA)<\/strong><\/p>\n<p>ROBERT LLIM\u00d3S \u00e9s titular dels drets de propietat intel\u00b7lectual i industrial, o ha obtingut les autoritzacions o llic\u00e8ncies corresponents per a la seva explotaci\u00f3, sobre el nom de domini, les marques i signes distintius, la informaci\u00f3 i la resta d\u2019obres i invencions relacionades amb el WEBSITE i la tecnologia associada al mateix, aix\u00ed com sobre els seus continguts.<\/p>\n<p>Els continguts d\u2019aquest WEBSITE, incloent dissenys, aplicacions, text, imatges i codi font, estan protegits per drets de propietat intel\u00b7lectual i industrial.<\/p>\n<p>De cap manera el contingut es podr\u00e0 utilitzar, reproduir, copiar o transmetre en forma alguna sense el perm\u00eds previ, escrit i expl\u00edcit de ROBERT LLIM\u00d3S.<\/p>\n<p>L\u2019Usuari haur\u00e0 d\u2019abstenir-se d\u2019aportar continguts que hagin estat obtinguts de forma il\u00b7l\u00edcita o protegits per drets de propietat intel\u00b7lectual (copyright) sense l\u2019autoritzaci\u00f3 expressa dels autors originals o els propietaris dels citats drets. En tot cas, respondr\u00e0 l\u2019usuari i no ROBERT LLIM\u00d3S de les possibles reclamacions econ\u00f2miques o de qualsevol tipus que poguessin dirigir-se a ROBERT LLIM\u00d3S per aquests fets en reclamaci\u00f3 dels citats drets de propietat intel\u00b7lectual.<\/p>\n<p>\u201cMIRAESTELS\u201d \u00e9s una marca comercial registrada per ROBERT LLIM\u00d3S, els drets de la qual d\u2019explotaci\u00f3 en exclusiva pertanyen al mateix.<\/p>\n<p>En el cas en el qual un Usuari o un tercer consideri que existeixen fets o circumst\u00e0ncies que revelin el car\u00e0cter indegut de la utilitzaci\u00f3 de qualsevol contingut i\/o de la realitzaci\u00f3 de qualsevol activitat a les p\u00e0gines web incloses o accessibles a trav\u00e9s del WEBSITE i, en particular, de la violaci\u00f3 de drets de propietat intel\u00b7lectual o industrial (patents, models i dibuixos industrials, marques i noms comercials, etc.), l\u2019incompliment dels deures i obligacions previstes en aquestes condicions o la vulneraci\u00f3 d\u2019altres drets, haur\u00e0 d\u2019enviar un email a info@miraestels.com informant a INTERLIMSA i en el qual es continguin els seg\u00fcents extrems:<\/p>\n<p>(a) Dades personals del reclamant: nom, adre\u00e7a, n\u00famero de tel\u00e8fon i adre\u00e7a de correu electr\u00f2nic;<br \/>\n(b) Especificaci\u00f3 de la suposada activitat il\u00b7l\u00edcita duta a terme en el WEBSITE i, en particular, quan es tracti d\u2019una suposada violaci\u00f3 de drets, indicaci\u00f3 precisa i concreta dels continguts protegits aix\u00ed com de la seva localitzaci\u00f3 a les p\u00e0gines web;<br \/>\n(c) Fets o circumst\u00e0ncies que revelen el car\u00e0cter il\u00b7l\u00edcit d\u2019aquesta activitat;<br \/>\n(d) En el sup\u00f2sit de violaci\u00f3 de drets, amb les dades personals del titular dels drets suposadament infringits.<br \/>\n(i) Declaraci\u00f3 expressa, clara i sota la responsabilitat del reclamant que la informaci\u00f3 proporcionada en la notificaci\u00f3 \u00e9s exacta i del car\u00e0cter indegut de la utilitzaci\u00f3 dels continguts o de la realitzaci\u00f3 de les activitats descrites.<\/p>\n<p>ROBERT LLIM\u00d3S procedir\u00e0 immediatament a adoptar les mesures per a l\u2019esmena o eliminaci\u00f3, si escau de les citades dades o continguts.<\/p>\n<p>Tots els serveis de l\u2019\u00fas del programari estan protegits per lleis de copyright i tractats internacionals de copyright, aix\u00ed com altres lleis i tractats de car\u00e0cter intel\u00b7lectual. Tots els drets de t\u00edtol i de propietat intel\u00b7lectual en el contingut que s\u2019accedeix per mitj\u00e0 de l\u2019\u00fas del WEBSITE \u00e9s propietat de ROBERT LLIM\u00d3S o del seu respectiu propietari i tamb\u00e9 estan protegits per copyright i altres lleis de propietat intel\u00b7lectual.<\/p>\n<p><strong>Base normativa<\/strong><br \/>\nArt. 14.1 del Reglamento (UE) 524\/2013 sobre resoluci\u00f3n de litigios en l\u00ednea en materia de consumo.<br \/>\nResoluci\u00f3n de litigios en l\u00ednea conforme al Art. 14.1 del Reglamento (UE) 524\/2013: La Comisi\u00f3n Europea facilita una plataforma de resoluci\u00f3n de litigios en l\u00ednea, la cual se encuentra disponible en el siguiente enlace: <a href=\"https:\/\/ec.europa.eu\/consumers\/odr\/main\/index.cfm?event=main.home.chooseLanguage\" target=\"_blank\" rel=\"noopener nofollow\">https:\/\/ec.eu-ropa.eu\/consumers\/odr<\/a><\/p>\n<p><strong>6. LIMITACIONS DE RESPONSABILITAT<\/strong><\/p>\n<p>ROBERT LLIM\u00d3S no garanteix la disponibilitat i continu\u00eftat del funcionament dels serveis del WEBSITE. Quan aix\u00f2 sigui raonablement possible, ROBERT LLIM\u00d3S advertir\u00e0 pr\u00e8viament de les interrupcions en el funcionament dels mateixos. ROBERT LLIM\u00d3S tampoc garanteix la utilitat dels serveis del WEBSITE per a la realitzaci\u00f3 de cap activitat en concret, ni la seva infal\u00b7libilitat i, en particular, encara que no de manera exclusiva, no garanteix que els usuaris puguin efectivament utilitzar els mateixos, accedir a les diferents p\u00e0gines web que formen el WEBSITE o a aquelles des de les quals es presten els serveis.<\/p>\n<p>ROBERT LLIM\u00d3S exclou, qualsevol responsabilitat pels danys i perjudicis de tota naturalesa provocades per reclamacions de drets d\u2019autor i\/o d\u2019imatge sobre el material publicat o per reclamacions en relaci\u00f3 a la vulneraci\u00f3 de la privadesa de les persones que apareixen en els videos i imatges publicades. Aquestes reclamacions hauran de dirigir-se contra les entitats o persones que proveeixen del citat material audiovisual a ROBERT LLIM\u00d3S posat que la nostra entitat no produeix el mateix. En tot cas, si vost\u00e8 se sent perjudicat per la difusi\u00f3 al nostre WEBSITE de v\u00eddeos o imatges, pot remetre\u2019ns un email a: info@miraestels.com i estudiarem la seva reclamaci\u00f3 i la possibilitat de retirar el material del nostre WEBSITE.<\/p>\n<p>ROBERT LLIM\u00d3S no garanteix la veracitat, exactitud, exhaustivitat i actualitat dels Continguts del seu WEBSITE generats pels empleats de ROBERT LLIM\u00d3S o pels usuaris del WEBSITE en publicar les seves opinions en aquest WEBSITE.<\/p>\n<p>Respecte als Enlla\u00e7os externs: el WEBSITE pot contenir enlla\u00e7os a llocs web que no pertanyen, ni s\u00f3n controlats, editats o censurats per ROBERT LLIM\u00d3S per tant no assumim cap responsabilitat pel contingut, pol\u00edtiques de privadesa o pr\u00e0ctiques d\u2019aquests llocs web externs. L\u2019exist\u00e8ncia d\u2019aquests enlla\u00e7os a la web no comporta, per part de ROBERT LLIM\u00d3S, l\u2019aprovaci\u00f3 dels productes, serveis, continguts, informaci\u00f3, dades, arxius i qualsevol altra classe de material existent en tals llocs web i, no controla ni es fa responsable de la qualitat, licitud, fiabilitat i utilitat de la informaci\u00f3 i\/o continguts i serveis existents en els llocs web enlla\u00e7ats i que s\u00f3n aliens a aquest lloc web i les seves responsabilitats.<\/p>\n<p><strong>7. SUSPENSI\u00d3 DEL SERVEI<\/strong><\/p>\n<p>ROBERT LLIM\u00d3S podr\u00e0 retirar o suspendre a qualsevol moment i sense necessitat d\u2019av\u00eds previ la prestaci\u00f3 dels Serveis i\/o la cancel\u00b7laci\u00f3 del seu compte a aquells Usuaris sobre els quals tingui sospites que podrien haver incorregut en un incompliment de les condicions establertes en el present Av\u00eds Legal, en la Pol\u00edtica de Privadesa, en qualsevol text legal present o futur que publiqui ROBERT LLIM\u00d3S o vulnerin la legalitat vigent.<\/p>\n<p><strong>8. LEGISLACI\u00d3 APLICABLE<\/strong><\/p>\n<p>Els termes i l\u2019\u00fas del WEBSITE de ROBERT LLIM\u00d3S o qualsevol servei que ofereixi ROBERT LLIM\u00d3S, seran regits i interpretats d\u2019acord amb les lleis espanyoles, i per a qualsevol controv\u00e8rsia que es derivi de l\u2019\u00fas d\u2019aquest servei les parts se sotmeten expressament a la Jurisdicci\u00f3 dels Tribunals de la ciutat de Barcelona (Espanya).[\/et_pb_text][\/et_pb_column][\/et_pb_row][\/et_pb_section]<\/p>\n","protected":false},"excerpt":{"rendered":"<p>1. IDENTIFICACI\u00d3 WEBSITE En compliment del que es disposa en l\u2019article 10 de la Llei 34\/2002, d\u201911 de juliol, de Serveis de la Societat de la Informaci\u00f3 i Comer\u00e7 Electr\u00f2nic (LSSICE), posem a la seva disposici\u00f3 la \u201cinformaci\u00f3 general\u201d, que compr\u00e8n les dades identificatives de l\u2019entitat titular d\u2019aquest WEBSITE: Denominaci\u00f3 Social: Robert Llim\u00f3s Nom Comercial: [&hellip;]<\/p>\n","protected":false},"author":2,"featured_media":0,"parent":0,"menu_order":0,"comment_status":"closed","ping_status":"closed","template":"","meta":{"_seopress_robots_primary_cat":"","_seopress_titles_title":"","_seopress_titles_desc":"","_seopress_robots_index":"yes","_et_pb_use_builder":"on","_et_pb_old_content":"","_et_gb_content_width":"","footnotes":""},"class_list":["post-1088023","page","type-page","status-publish","hentry"],"_links":{"self":[{"href":"https:\/\/miraestels.com\/ca\/wp-json\/wp\/v2\/pages\/1088023","targetHints":{"allow":["GET"]}}],"collection":[{"href":"https:\/\/miraestels.com\/ca\/wp-json\/wp\/v2\/pages"}],"about":[{"href":"https:\/\/miraestels.com\/ca\/wp-json\/wp\/v2\/types\/page"}],"author":[{"embeddable":true,"href":"https:\/\/miraestels.com\/ca\/wp-json\/wp\/v2\/users\/2"}],"replies":[{"embeddable":true,"href":"https:\/\/miraestels.com\/ca\/wp-json\/wp\/v2\/comments?post=1088023"}],"version-history":[{"count":0,"href":"https:\/\/miraestels.com\/ca\/wp-json\/wp\/v2\/pages\/1088023\/revisions"}],"wp:attachment":[{"href":"https:\/\/miraestels.com\/ca\/wp-json\/wp\/v2\/media?parent=1088023"}],"curies":[{"name":"wp","href":"https:\/\/api.w.org\/{rel}","templated":true}]}}