{"id":1087820,"date":"2024-05-23T13:51:01","date_gmt":"2024-05-23T11:51:01","guid":{"rendered":"https:\/\/miraestels.com\/producto\/figura-miraestels\/"},"modified":"2024-05-23T13:51:01","modified_gmt":"2024-05-23T11:51:01","slug":"figura-miraestels","status":"publish","type":"product","link":"https:\/\/miraestels.com\/ca\/producte\/figura-miraestels\/","title":{"rendered":"Figura Miraestels\u00ae"},"content":{"rendered":"<p>Les r\u00e8pliques artesanes del Miraestels s\u00f3n reproduccions exactes de l\u2019escultura Miraestels creada per l\u2019artista Robert Llim\u00f3s.<\/p>\n<p>El Miraestels DECO, t\u00e9 una al\u00e7ada de 33 cm i un pes de 5 Kg.<\/p>\n<p>Per aconseguir l\u2019acabat desitjat per l\u2019artista, la fabricaci\u00f3 \u00e9s en resina de poli\u00e8ster blanca, amb una estrella pintada manualment en or.<\/p>\n<p>Totes les peces porten gravada la signatura de l\u2019autor.<\/p>\n<p>Es presenta amb una caixa i inclou fullet explicatiu i certificat d\u2019autenticitat.<\/p>\n","protected":false},"excerpt":{"rendered":"<p><em>R\u00e8plica artesana de l\u2019escultura Miraestels creada per l\u2019artista Robert Llim\u00f3s.<\/em><\/p>\n<p><em> Fabricada en resina de poli\u00e8ster blanca, amb l\u2019estrella pintada manualment en color or. Totes les peces porten gravada la signatura de l\u2019autor.<\/em><\/p>\n<p><strong>Al\u00e7ada:<\/strong> 33 cm<\/p>\n<p><strong>Pes:<\/strong> 5 kg<\/p>\n<p><strong>Color:<\/strong> Blanc amb estel daurat<\/p>\n<p><strong>Material:<\/strong> Resina de poli\u00e8ster<\/p>\n","protected":false},"featured_media":1086926,"template":"","meta":{"_seopress_robots_primary_cat":"","_seopress_titles_title":"","_seopress_titles_desc":"","_seopress_robots_index":"","_et_pb_use_builder":"","_et_pb_old_content":"","_et_gb_content_width":""},"product_brand":[],"product_cat":[77,79],"product_tag":[],"class_list":{"0":"post-1087820","1":"product","2":"type-product","3":"status-publish","4":"has-post-thumbnail","6":"product_cat-art","7":"product_cat-escultures","9":"first","10":"instock","11":"taxable","12":"shipping-taxable","13":"purchasable","14":"product-type-simple"},"_links":{"self":[{"href":"https:\/\/miraestels.com\/ca\/wp-json\/wp\/v2\/product\/1087820","targetHints":{"allow":["GET"]}}],"collection":[{"href":"https:\/\/miraestels.com\/ca\/wp-json\/wp\/v2\/product"}],"about":[{"href":"https:\/\/miraestels.com\/ca\/wp-json\/wp\/v2\/types\/product"}],"wp:featuredmedia":[{"embeddable":true,"href":"https:\/\/miraestels.com\/ca\/wp-json\/wp\/v2\/media\/1086926"}],"wp:attachment":[{"href":"https:\/\/miraestels.com\/ca\/wp-json\/wp\/v2\/media?parent=1087820"}],"wp:term":[{"taxonomy":"product_brand","embeddable":true,"href":"https:\/\/miraestels.com\/ca\/wp-json\/wp\/v2\/product_brand?post=1087820"},{"taxonomy":"product_cat","embeddable":true,"href":"https:\/\/miraestels.com\/ca\/wp-json\/wp\/v2\/product_cat?post=1087820"},{"taxonomy":"product_tag","embeddable":true,"href":"https:\/\/miraestels.com\/ca\/wp-json\/wp\/v2\/product_tag?post=1087820"}],"curies":[{"name":"wp","href":"https:\/\/api.w.org\/{rel}","templated":true}]}}