{"id":1087821,"date":"2024-05-23T13:51:01","date_gmt":"2024-05-23T11:51:01","guid":{"rendered":"https:\/\/miraestels.com\/producto\/miraestels-50cm\/"},"modified":"2024-05-23T13:51:01","modified_gmt":"2024-05-23T11:51:01","slug":"miraestels-50cm","status":"publish","type":"product","link":"https:\/\/miraestels.com\/ca\/producte\/miraestels-50cm\/","title":{"rendered":"Miraestels\u00ae 50cm"},"content":{"rendered":"<p>Les r\u00e8pliques artesanes del Miraestels s\u00f3n reproduccions exactes de l\u2019escultura flotant Miraestels creada per l\u2019artista Robert Llim\u00f3s i situada en aig\u00fces del Port de Barcelona.<\/p>\n<p>El Miraestels 50cm, el major de la gamma DECO, t\u00e9 una al\u00e7ada de 50 cm i un pes de 9 Kg. Gr\u00e0cies a la peanya semiesf\u00e8rica de 30 cm de di\u00e0metre que li serveix de base, despr\u00e9s qualsevol moviment recupera immediatament la vertical.<\/p>\n<p>Per aconseguir l\u2019acabat desitjat per l\u2019artista, la fabricaci\u00f3 \u00e9s en resina de poli\u00e8ster blanca, amb una estrella pintada manualment en or.<\/p>\n<p>Totes les peces porten gravada la signatura de l\u2019autor.<\/p>\n<p>Es presenta amb una caixa i inclou fullet explicatiu i certificat d\u2019autenticitat.<\/p>\n","protected":false},"excerpt":{"rendered":"<p><em>R\u00e8plica artesana de l\u2019escultura flotant Miraestels creada per l\u2019artista Robert Llim\u00f3s i situada en aig\u00fces del Port de Barcelona. Fabricada en resina de poli\u00e8ster blanca, amb l\u2019estrella pintada manualment en color or. Totes les peces porten gravada la signatura de l\u2019autor.<\/em><\/p>\n<p><strong>Al\u00e7ada:<\/strong> 50 cm<\/p>\n<p><strong>Di\u00e0metre:<\/strong> 30 cm<\/p>\n<p><strong>Pes:<\/strong> 9 kg<\/p>\n<p><strong>Color:<\/strong> Blanc amb estel daurat<\/p>\n<p><strong>Material:<\/strong> Resina de poli\u00e8ster<\/p>\n","protected":false},"featured_media":1086924,"template":"","meta":{"_seopress_robots_primary_cat":"","_seopress_titles_title":"","_seopress_titles_desc":"","_seopress_robots_index":"","_et_pb_use_builder":"","_et_pb_old_content":"","_et_gb_content_width":""},"product_brand":[],"product_cat":[77,79],"product_tag":[],"class_list":{"0":"post-1087821","1":"product","2":"type-product","3":"status-publish","4":"has-post-thumbnail","6":"product_cat-art","7":"product_cat-escultures","9":"first","10":"instock","11":"taxable","12":"shipping-taxable","13":"purchasable","14":"product-type-simple"},"_links":{"self":[{"href":"https:\/\/miraestels.com\/ca\/wp-json\/wp\/v2\/product\/1087821","targetHints":{"allow":["GET"]}}],"collection":[{"href":"https:\/\/miraestels.com\/ca\/wp-json\/wp\/v2\/product"}],"about":[{"href":"https:\/\/miraestels.com\/ca\/wp-json\/wp\/v2\/types\/product"}],"wp:featuredmedia":[{"embeddable":true,"href":"https:\/\/miraestels.com\/ca\/wp-json\/wp\/v2\/media\/1086924"}],"wp:attachment":[{"href":"https:\/\/miraestels.com\/ca\/wp-json\/wp\/v2\/media?parent=1087821"}],"wp:term":[{"taxonomy":"product_brand","embeddable":true,"href":"https:\/\/miraestels.com\/ca\/wp-json\/wp\/v2\/product_brand?post=1087821"},{"taxonomy":"product_cat","embeddable":true,"href":"https:\/\/miraestels.com\/ca\/wp-json\/wp\/v2\/product_cat?post=1087821"},{"taxonomy":"product_tag","embeddable":true,"href":"https:\/\/miraestels.com\/ca\/wp-json\/wp\/v2\/product_tag?post=1087821"}],"curies":[{"name":"wp","href":"https:\/\/api.w.org\/{rel}","templated":true}]}}