{"id":1088003,"date":"2024-05-23T12:55:49","date_gmt":"2024-05-23T10:55:49","guid":{"rendered":"https:\/\/miraestels.com\/politica-de-cookies\/"},"modified":"2024-06-14T11:50:51","modified_gmt":"2024-06-14T09:50:51","slug":"cookie-policy","status":"publish","type":"page","link":"https:\/\/miraestels.com\/en\/cookie-policy\/","title":{"rendered":"Cookie Policy"},"content":{"rendered":"<p>[et_pb_section fb_built=&#8221;1&#8243; fullwidth=&#8221;on&#8221; _builder_version=&#8221;4.25.1&#8243; _module_preset=&#8221;default&#8221; background_image=&#8221;https:\/\/miraestels.com\/wp-content\/uploads\/aviso-legal.jpg&#8221; custom_padding=&#8221;14vw||2vw||false|false&#8221; global_colors_info=&#8221;{}&#8221;][et_pb_fullwidth_post_title meta=&#8221;off&#8221; featured_image=&#8221;off&#8221; _builder_version=&#8221;4.25.1&#8243; _module_preset=&#8221;default&#8221; title_text_color=&#8221;#FFFFFF&#8221; global_colors_info=&#8221;{}&#8221;][\/et_pb_fullwidth_post_title][\/et_pb_section][et_pb_section fb_built=&#8221;1&#8243; _builder_version=&#8221;4.16&#8243; global_colors_info=&#8221;{}&#8221;][et_pb_row _builder_version=&#8221;4.16&#8243; background_size=&#8221;initial&#8221; background_position=&#8221;top_left&#8221; background_repeat=&#8221;repeat&#8221; global_colors_info=&#8221;{}&#8221;][et_pb_column type=&#8221;4_4&#8243; _builder_version=&#8221;4.16&#8243; custom_padding=&#8221;|||&#8221; global_colors_info=&#8221;{}&#8221; custom_padding__hover=&#8221;|||&#8221;][et_pb_text _builder_version=&#8221;4.25.1&#8243; background_size=&#8221;initial&#8221; background_position=&#8221;top_left&#8221; background_repeat=&#8221;repeat&#8221; global_colors_info=&#8221;{}&#8221;]<strong>LEGALIZACI\u00d3N DE LA PLATAFORMA DE INTERNET<\/strong><\/p>\n<p><strong>Pol\u00edtica de Cookies<\/strong><\/p>\n<p><strong>ROBERT LLIM\u00d3S<\/strong> ha desarrollado esta pol\u00edtica para informarte de qu\u00e9 es una cookie, cuales usamos en esta web y ayudarte a poder gestionarlas seg\u00fan sea de tu inter\u00e9s.<\/p>\n<p>Con su visita a nuestra web est\u00e1 siendo informado de la existencia de cookies y de la presente pol\u00edtica de cookies. Con su registro en la web y\/o la mera navegaci\u00f3n\u00a0est\u00e1s consintiendo la instalaci\u00f3n de las cookies\u00a0informadas (salvo que haya modificado la configuraci\u00f3n de su navegador para rechazar cookies).<\/p>\n<p>Una \u201cCookie\u201d es un peque\u00f1o archivo de texto que un sitio web almacena en el\u00a0navegador del usuario. Las cookies facilitan el uso y la navegaci\u00f3n por una p\u00e1gina web y son esenciales para el funcionamiento de internet, aportando innumerables ventajas en la prestaci\u00f3n de servicios interactivos.<\/p>\n<p>Las cookies se utilizan por ejemplo para gestionar la sesi\u00f3n del usuario (reduciendo el n\u00famero de veces que tiene que incluir su contrase\u00f1a) o para adecuar los contenidos de una p\u00e1gina web a sus preferencias. Las cookies pueden ser de \u201csesi\u00f3n\u201d, por lo que se borrar\u00e1n una vez el usuario abandone la p\u00e1gina web que las gener\u00f3 o \u201cpersistentes\u201d, que permanecen en su ordenador hasta una fecha determinada.<\/p>\n<p>Este documento de \u201cUso de Cookies\u201d ha sido elaborado a partir de una auditor\u00eda t\u00e9cnica externa estando, por tanto, sujeto a actualizaciones peri\u00f3dicas. Su prop\u00f3sito es ayudarle a comprender el uso que la presente p\u00e1gina web hace de las cookies, la finalidad de las cookies utilizadas, as\u00ed como de las opciones que el usuario tiene a su disposici\u00f3n para gestionarlas.<\/p>\n<p>El uso de esta web con la funcionalidad del navegador habilitada para aceptar cookies, implica la aceptaci\u00f3n por parte del usuario de la tecnolog\u00eda cookie utilizada por dicha web.<\/p>\n<p><strong>Ejemplos de Tipo de cookies:<\/strong><\/p>\n<p><strong>Cookies de uso interno<\/strong><\/p>\n<p>Son\u00a0cookies de uso interno, las\u00a0imprescindibles para el funcionamiento de una web, como por ejemplo aquellas que permiten la autenticaci\u00f3n o el mantenimiento de la sesi\u00f3n del usuario registrado cuando navega por la p\u00e1gina. La desactivaci\u00f3n de estas cookies impide el funcionamiento correcto de algunas de las funcionalidades de la web.<\/p>\n<p><strong>Cookies Anal\u00edticas<\/strong><\/p>\n<p>Esta web utiliza\u00a0cookies anal\u00edticas\u00a0para recabar estad\u00edsticas sobre la actividad del usuario en la web y la actividad general de la misma. La informaci\u00f3n recopilada es an\u00f3nima y permite optimizar la navegaci\u00f3n por nuestra p\u00e1gina web y garantizar el mejor servicio al usuario. El usuario puede excluir su actividad mediante los sistemas de exclusi\u00f3n facilitados por las herramientas anal\u00edticas.<\/p>\n<p><strong>Cookies de terceros para la gesti\u00f3n de espacios publicitarios.<\/strong><\/p>\n<p>Son cookies almacenadas por terceras partes que gestionan los espacios publicitarios que los usuarios visualizan al acceder a esta web. Estas cookies permiten medir la efectividad de campa\u00f1as online, proporcionar al usuario informaci\u00f3n de su inter\u00e9s y ofrecerle contenidos publicitarios de su preferencia. De conformidad con sus propias pol\u00edticas, algunos gestores de publicidad pueden utilizar las cookies an\u00f3nimas para mostrar anuncios de su inter\u00e9s cuando visite otras p\u00e1ginas web. No obstante los usuarios pueden gestionar la aceptaci\u00f3n o no de dichas cookies mediante la configuraci\u00f3n de su navegador.<\/p>\n<p><strong>Garant\u00edas y opciones sobre las cookies<\/strong><\/p>\n<p>Durante la instalaci\u00f3n o puesta al d\u00eda del navegador, el usuario tiene la posibilidad de aceptar o rechazar la instalaci\u00f3n de cookies, o bien rechazar la instalaci\u00f3n de un determinado tipo de cookies, como las cookies de publicidad y de terceros. Adem\u00e1s, despu\u00e9s de cada sesi\u00f3n puede eliminar todas o algunas de las cookies almacenadas.<\/p>\n<p><strong>Asimismo el usuario puede activar:<\/strong><\/p>\n<p>&#8211; la navegaci\u00f3n privada, mediante la cual su navegador deja de guardar el historial de navegaci\u00f3n, contrase\u00f1as de sitios web, cookies y otra informaci\u00f3n de las p\u00e1ginas que visita, o<\/p>\n<p>&#8211; la funci\u00f3n de no rastrear, por la que el navegador pide a los sitios web que visita que no rastreen sus h\u00e1bitos de navegaci\u00f3n, para por ejemplo, servirle publicidad de su inter\u00e9s en los sitios que visita.<\/p>\n<p>Le recomendamos que consulte la ayuda de su navegador para informarse de las diferentes opciones sobre c\u00f3mo gestionar las cookies. Tenga en cuenta que el bloqueo de cookies puede afectar a todas o algunas de las funcionalidades de nuestra web.<\/p>\n<p>&nbsp;<\/p>\n<p><strong>Cookies utilizadas en esta Web:<\/strong><\/p>\n<table width=\"609\" cellspacing=\"0\" cellpadding=\"1\">\n<thead>\n<tr>\n<td width=\"73\">\n<p lang=\"zxx\" align=\"left\"><strong>Nombre de Cookie<\/strong><\/p>\n<\/td>\n<td width=\"79\">\n<p lang=\"zxx\" align=\"left\"><strong>Tipo de cookie<\/strong><\/p>\n<\/td>\n<td width=\"103\">\n<p lang=\"zxx\" align=\"left\"><strong>Tiempo de caducidad<\/strong><\/p>\n<\/td>\n<td width=\"341\">\n<p lang=\"zxx\" align=\"left\"><strong>Descripci\u00f3n<\/strong><\/p>\n<\/td>\n<\/tr>\n<\/thead>\n<tbody>\n<tr>\n<td width=\"73\">\n<p lang=\"zxx\" align=\"left\">_gali<\/p>\n<\/td>\n<td width=\"79\">\n<p lang=\"zxx\" align=\"left\">Cookie anal\u00edtica (de terceros)<\/p>\n<\/td>\n<td width=\"103\">\n<p lang=\"zxx\" align=\"left\">0 minutos desde creaci\u00f3n o modificaci\u00f3n<\/p>\n<\/td>\n<td width=\"341\">\n<p lang=\"zxx\" align=\"left\">Pertenece a la herramienta de atribuci\u00f3n de enlace mejorada de las anal\u00edticas de Google y distingue entre enlaces a la misma URL mediante los ID de elemento de un enlace o un elemento principal, as\u00ed como una cookie. La cookie se crea al cargar la librer\u00eda javascript y no existe una versi\u00f3n previa de la cookie _gali. La cookie se actualiza cada vez que envia los datos a Google Analytics.<\/p>\n<\/td>\n<\/tr>\n<tr>\n<td width=\"73\">\n<p lang=\"zxx\" align=\"left\">_ga<\/p>\n<\/td>\n<td width=\"79\">\n<p lang=\"zxx\" align=\"left\">Cookie anal\u00edtica (de terceros)<\/p>\n<\/td>\n<td width=\"103\">\n<p lang=\"zxx\" align=\"left\">2 a\u00f1os desde creaci\u00f3n o modificaci\u00f3n<\/p>\n<\/td>\n<td width=\"341\">\n<p lang=\"zxx\" align=\"left\">Se usa para diferenciar entre usuarios y sesiones. La cookie se crea al cargar la librer\u00eda javascript y no existe una versi\u00f3n previa de la cookie _ga. La cookie se actualiza cada vez que envia los datos a Google Analytics.<\/p>\n<\/td>\n<\/tr>\n<tr>\n<td width=\"73\">\n<p lang=\"zxx\" align=\"left\">_gat<\/p>\n<\/td>\n<td width=\"79\">\n<p lang=\"zxx\" align=\"left\">Cookie anal\u00edtica (de terceros)<\/p>\n<\/td>\n<td width=\"103\">\n<p lang=\"zxx\" align=\"left\">10 minutos desde creaci\u00f3n o modificaci\u00f3n<\/p>\n<\/td>\n<td width=\"341\">\n<p lang=\"zxx\" align=\"left\">Se usa para diferenciar entre los diferentes onjetos de seguimiento creados en la sesi\u00f3n. La cookie se crea al cargar la librer\u00eda javascript y no existe una versi\u00f3n previa de la cookie _gat. La cookie se actualiza cada vez que envia los datos a Google Analytics.<\/p>\n<\/td>\n<\/tr>\n<tr>\n<td width=\"73\">\n<p lang=\"zxx\" align=\"left\">__utma<\/p>\n<\/td>\n<td width=\"79\">\n<p lang=\"zxx\" align=\"left\">Cookie anal\u00edtica (de terceros)<\/p>\n<\/td>\n<td width=\"103\">\n<p lang=\"zxx\" align=\"left\">2 a\u00f1os desde creaci\u00f3n o modificaci\u00f3n<\/p>\n<\/td>\n<td width=\"341\">\n<p lang=\"zxx\" align=\"left\">Se usa para diferenciar entre usuarios y sesiones. La cookie se crea al cargar la librer\u00eda javascript y no existe una versi\u00f3n previa de la cookie __utma. La cookie se actualiza cada vez que envia los datos a Google Analytics.<\/p>\n<\/td>\n<\/tr>\n<tr>\n<td width=\"73\">\n<p lang=\"zxx\" align=\"left\">__utmb<\/p>\n<\/td>\n<td width=\"79\">\n<p lang=\"zxx\" align=\"left\">Cookie anal\u00edtica (de terceros)<\/p>\n<\/td>\n<td width=\"103\">\n<p lang=\"zxx\" align=\"left\">30 mins desde creaci\u00f3n o modificaci\u00f3n<\/p>\n<\/td>\n<td width=\"341\">\n<p lang=\"zxx\" align=\"left\">Se usa para saber si hay una nueva sesi\u00f3n o visita. La cookie se crea al cargar la librer\u00eda javascript y no existe una versi\u00f3n previa de la cookie __utmb. La cookie se actualiza cada vez que envia los datos a Google Analytics.<\/p>\n<\/td>\n<\/tr>\n<tr>\n<td width=\"73\">\n<p lang=\"zxx\" align=\"left\">__utmc<\/p>\n<\/td>\n<td width=\"79\">\n<p lang=\"zxx\" align=\"left\">Cookie de sesi\u00f3n (de terceros)<\/p>\n<\/td>\n<td width=\"103\">\n<p lang=\"zxx\" align=\"left\">Al terminar sesi\u00f3n<\/p>\n<\/td>\n<td width=\"341\">\n<p lang=\"zxx\" align=\"left\">No se usa en la librer\u00eda ga.js. Esta cookie se usa para facilitar la funcionalidad con la librer\u00eda urchin.js. Hist\u00f3ricamente, esta cookie funciona junto con la cookie __utmb para saber si el usuario es una nueva sesi\u00f3n o visita.<\/p>\n<\/td>\n<\/tr>\n<tr>\n<td width=\"73\">\n<p lang=\"zxx\" align=\"left\">__utmli<\/p>\n<\/td>\n<td width=\"79\">\n<p lang=\"zxx\" align=\"left\">Cookie anal\u00edtica (de terceros)<\/p>\n<\/td>\n<td width=\"103\">\n<p lang=\"zxx\" align=\"left\">30 segundos desde creaci\u00f3n o modificaci\u00f3n<\/p>\n<\/td>\n<td width=\"341\">\n<p lang=\"zxx\" align=\"left\">La utilidad es poder diferenciar en el reporte de Anal\u00edtica de p\u00e1gina, diferentes enlaces que apunten a un mismo destino.<\/p>\n<\/td>\n<\/tr>\n<tr>\n<td width=\"73\">\n<p lang=\"zxx\" align=\"left\">__utmv<\/p>\n<\/td>\n<td width=\"79\">\n<p lang=\"zxx\" align=\"left\">Cookie anal\u00edtica (de terceros)<\/p>\n<\/td>\n<td width=\"103\">\n<p lang=\"zxx\" align=\"left\">2 a\u00f1os desde creaci\u00f3n o modificaci\u00f3n<\/p>\n<\/td>\n<td width=\"341\">\n<p lang=\"zxx\" align=\"left\">Usada para guardar datos variables personalizados del nivel del visitante. La cookie se actualiza cada vez que envia los datos a Google Analytics.<\/p>\n<\/td>\n<\/tr>\n<tr>\n<td width=\"73\">\n<p lang=\"zxx\" align=\"left\">__utmz<\/p>\n<\/td>\n<td width=\"79\">\n<p lang=\"zxx\" align=\"left\">Cookie anal\u00edtica (de terceros)<\/p>\n<\/td>\n<td width=\"103\">\n<p lang=\"zxx\" align=\"left\">6 meses desde creaci\u00f3n o modificaci\u00f3n<\/p>\n<\/td>\n<td width=\"341\">\n<p lang=\"zxx\" align=\"left\">Guarda el origen del tr\u00e1fico o la campa\u00f1a que explica desde donde llega el usuario hasta el sitio web. La cookie se crea cuando la librer\u00eda javascript se carga y se actualiza cada vez que envia los datos a Google Analytics.<\/p>\n<\/td>\n<\/tr>\n<tr>\n<td width=\"73\">\n<p lang=\"zxx\" align=\"left\">-icl-current-lenguage<\/p>\n<\/td>\n<td width=\"79\">\n<p lang=\"zxx\" align=\"left\">Interna<\/p>\n<\/td>\n<td width=\"103\">\n<p lang=\"zxx\" align=\"left\">Al terminar sesi\u00f3n<\/p>\n<\/td>\n<td width=\"341\">\n<p lang=\"zxx\" align=\"left\">Permite saber qu\u00e9 idioma utiliza el usuario.<\/p>\n<\/td>\n<\/tr>\n<\/tbody>\n<\/table>\n<p>&nbsp;<\/p>\n<p><strong>Redes Sociales:<\/strong><\/p>\n<p>Cookies de complementos externos de contenidos y Cookies usadas por redes sociales:<\/p>\n<p>En otros sitios que no pertenecen a <strong>ROBERT LLIM\u00d3S<\/strong> se instalan cookies de terceros a todos sus visitantes, aunque no sean usuarios registrados en las correspondientes plataformas:<\/p>\n<p>\u2022\u00a0\u00a0\u00a0 <strong>ROBERT LLIM\u00d3S<\/strong> en Twitter. Sus finalidades est\u00e1n descritas en la P\u00e1gina de Cookies de Twitter: <a href=\"https:\/\/support.twitter.com\/articles\/20170521-el-uso-que-hace-twitter-de-cookies-y-tecnologias-similares\" target=\"_blank\" rel=\"noopener noreferrer nofollow\">https:\/\/support.twitter.com\/articles\/20170521-el-uso-que-hace-twitter-de-cookies-y-tecnologias-similares<\/a><\/p>\n<p>\u2022\u00a0\u00a0 \u00a0<strong>ROBERT LLIM\u00d3S<\/strong> en Facebook. Sus finalidades est\u00e1n descritas en la P\u00e1gina de Cookies de Facebook: <a href=\"https:\/\/es-es.facebook.com\/help\/cookies\/\" target=\"_blank\" rel=\"noopener noreferrer nofollow\">https:\/\/es-es.facebook.com\/help\/cookies\/<\/a><\/p>\n<p>\u2022\u00a0\u00a0 \u00a0<strong>ROBERT LLIM\u00d3S<\/strong> en Vimeo. Sus finalidades est\u00e1n descritas en la P\u00e1gina de Cookies de Vimeo: <a href=\"https:\/\/vimeo.com\/cookie_policy\" target=\"_blank\" rel=\"noopener noreferrer nofollow\">https:\/\/vimeo.com\/cookie_policy<\/a><\/p>\n<p>\u2022\u00a0\u00a0 \u00a0<strong>ROBERT LLIM\u00d3S<\/strong> en Youtube. Sus finalidades est\u00e1n descritas en la P\u00e1gina de Cookies de Youtube: <a href=\"https:\/\/www.google.es\/intl\/es\/policies\/privacy\/key-terms\/#toc-terms-cookie\" target=\"_blank\" rel=\"noopener noreferrer nofollow\">https:\/\/www.google.es\/intl\/es\/policies\/privacy\/key-terms\/#toc-terms-cookie<\/a><\/p>\n<p>\u2022\u00a0\u00a0 \u00a0<strong>ROBERT LLIM\u00d3S<\/strong> en Instagram. Sus finalidades est\u00e1n descritas en la P\u00e1gina de Cookies de Instagram: <a href=\"https:\/\/instagram.com\/legal\/cookies\/\" target=\"_blank\" rel=\"noopener noreferrer nofollow\">https:\/\/instagram.com\/legal\/cookies\/<\/a><\/p>\n<p>Esta informaci\u00f3n la utilizamos para mejorar nuestra p\u00e1gina, detectar nuevas necesidades y valorar las mejoras a introducir con la finalidad de prestar un mejor servicio a los usuarios que nos visitan.<\/p>\n<p>Para permitir, conocer, bloquear o eliminar las cookies instaladas en tu equipo puedes hacerlo mediante la configuraci\u00f3n de las opciones del navegador instalado en su ordenador.<\/p>\n<p>Por ejemplo puedes encontrar informaci\u00f3n sobre c\u00f3mo hacerlo en el caso que uses alguno de estos navegadores:<\/p>\n<p>Firefox desde aqu\u00ed:\u00a0<a href=\"http:\/\/support.mozilla.org\/es\/kb\/habilitar-y-deshabilitar-cookies-que-los-sitios-web\" target=\"_blank\" rel=\"noopener noreferrer nofollow\">http:\/\/support.mozilla.org\/es\/kb\/habilitar-y-deshabilitar-cookies-que-los-sitios-web<\/a><\/p>\n<p>Chrome desde aqu\u00ed:\u00a0<a href=\"http:\/\/support.google.com\/chrome\/bin\/answer.py?hl=es&amp;answer=95647\" target=\"_blank\" rel=\"noopener noreferrer nofollow\">http:\/\/support.google.com\/chrome\/bin\/answer.py?hl=es&amp;answer=95647<\/a><\/p>\n<p>Explorer desde aqu\u00ed:\u00a0<a href=\"http:\/\/windows.microsoft.com\/es-es\/windows7\/how-to-manage-cookies-in-internet-explorer-9\" target=\"_blank\" rel=\"noopener noreferrer nofollow\">http:\/\/windows.microsoft.com\/es-es\/windows7\/how-to-manage-cookies-in-internet-explorer-9<\/a><\/p>\n<p>Safari desde aqu\u00ed:\u00a0<a href=\"http:\/\/support.apple.com\/kb\/ph5042\" target=\"_blank\" rel=\"noopener noreferrer nofollow\">http:\/\/support.apple.com\/kb\/ph5042<\/a><\/p>\n<p>Opera desde aqu\u00ed:\u00a0<a href=\"http:\/\/help.opera.com\/Windows\/11.50\/es-ES\/cookies.html\" target=\"_blank\" rel=\"noopener noreferrer nofollow\">http:\/\/help.opera.com\/Windows\/11.50\/es-ES\/cookies.html<\/a>[\/et_pb_text][\/et_pb_column][\/et_pb_row][\/et_pb_section]<\/p>\n","protected":false},"excerpt":{"rendered":"<p>LEGALIZACI\u00d3N DE LA PLATAFORMA DE INTERNET Pol\u00edtica de Cookies ROBERT LLIM\u00d3S ha desarrollado esta pol\u00edtica para informarte de qu\u00e9 es una cookie, cuales usamos en esta web y ayudarte a poder gestionarlas seg\u00fan sea de tu inter\u00e9s. Con su visita a nuestra web est\u00e1 siendo informado de la existencia de cookies y de la presente [&hellip;]<\/p>\n","protected":false},"author":2,"featured_media":0,"parent":0,"menu_order":0,"comment_status":"closed","ping_status":"closed","template":"","meta":{"_seopress_robots_primary_cat":"","_seopress_titles_title":"","_seopress_titles_desc":"","_seopress_robots_index":"yes","_et_pb_use_builder":"on","_et_pb_old_content":"","_et_gb_content_width":"","footnotes":""},"class_list":["post-1088003","page","type-page","status-publish","hentry"],"_links":{"self":[{"href":"https:\/\/miraestels.com\/en\/wp-json\/wp\/v2\/pages\/1088003","targetHints":{"allow":["GET"]}}],"collection":[{"href":"https:\/\/miraestels.com\/en\/wp-json\/wp\/v2\/pages"}],"about":[{"href":"https:\/\/miraestels.com\/en\/wp-json\/wp\/v2\/types\/page"}],"author":[{"embeddable":true,"href":"https:\/\/miraestels.com\/en\/wp-json\/wp\/v2\/users\/2"}],"replies":[{"embeddable":true,"href":"https:\/\/miraestels.com\/en\/wp-json\/wp\/v2\/comments?post=1088003"}],"version-history":[{"count":0,"href":"https:\/\/miraestels.com\/en\/wp-json\/wp\/v2\/pages\/1088003\/revisions"}],"wp:attachment":[{"href":"https:\/\/miraestels.com\/en\/wp-json\/wp\/v2\/media?parent=1088003"}],"curies":[{"name":"wp","href":"https:\/\/api.w.org\/{rel}","templated":true}]}}